{"id":21,"date":"2020-05-06T05:00:09","date_gmt":"2020-05-06T05:00:09","guid":{"rendered":"https:\/\/oamkb.nl\/kantoor\/oamkb-zwolle-hanzestad\/?page_id=21"},"modified":"2025-06-12T07:21:35","modified_gmt":"2025-06-12T07:21:35","slug":"oamkb-partner","status":"publish","type":"page","link":"https:\/\/oamkb.nl\/kantoor\/oamkb-zwolle-hanzestad\/","title":{"rendered":"oamkb Zwolle &#8211; Hanzestad"},"content":{"rendered":"<div class=\"wpb-content-wrapper\"><p>[vc_row content_width=&#8221;grid&#8221; el_class=&#8221;benefits-block&#8221; css=&#8221;.vc_custom_1749624846781{background-image: url(https:\/\/oamkb.nl\/kantoor\/oamkb-zwolle-hanzestad\/wp-content\/uploads\/sites\/202\/2020\/06\/accountancy-klant-oamkb.jpg?id=6915) !important;background-position: center !important;background-repeat: no-repeat !important;background-size: cover !important;}&#8221;][vc_column][vc_column_text css=&#8221;&#8221; el_class=&#8221;page-benefits&#8221;]<\/p>\n<h1>oamkb Zwolle &#8211; Hanzestad<\/h1>\n<div class=\"Qr7Oae\" role=\"listitem\">\n<div class=\"OxAavc NVbRL\" data-required=\"true\" data-item-id=\"747388460\">\n<div class=\"pYfr3c\">\n<div class=\"prOLdf\">\n<div class=\"g53bl\">\n<div class=\"cTDvob D1wxyf RjsPE\" role=\"heading\" aria-level=\"3\" aria-describedby=\"i.desc.747388460 c1302\">\n<p>&nbsp;<\/p>\n<\/div>\n<\/div>\n<\/div>\n<\/div>\n<\/div>\n<\/div>\n<ul>\n<li>125+ Ervaren bedrijfsadviseurs<\/li>\n<li>Volledig geautomatiseerde administraties<\/li>\n<li>24\/7 Direct inzicht in je bedrijf<\/li>\n<li>Slim. Altijd een vast maandbedrag<\/li>\n<\/ul>\n<p>[\/vc_column_text][vc_empty_space height=&#8221;2em&#8221;]<a href=\"https:\/\/oamkb.nl\/kantoor\/oamkb-zwolle-hanzestad\/kennismakingsgesprek-aanvragen\/\" target=\"_self\"  class=\"mkdf-btn mkdf-btn-large mkdf-btn-solid\"  >\n        <span class=\"mkdf-btn-text\">Gratis kennismakingsgesprek aanvragen<\/span>\n<\/a>[vc_empty_space height=&#8221;50px&#8221; el_class=&#8221;mt-8&#8243;][\/vc_column][\/vc_row][vc_row content_width=&#8221;grid&#8221;][vc_column][vc_empty_space height=&#8221;50px&#8221; el_class=&#8221;mt-8&#8243;][vc_column_text css=&#8221;&#8221;]<\/p>\n<h2 class=\"p1\"><b>Welkom bij Oamkb Zwolle \u2013 Hanzestad<\/b><b><\/b><\/h2>\n<p>[\/vc_column_text][vc_empty_space height=&#8221;2em&#8221;][vc_row_inner][vc_column_inner width=&#8221;1\/4&#8243;][vc_column_text css=&#8221;&#8221;]<\/p>\n<div style=\"margin-top: 10px;\">\n<h4><strong>\ud83d\udce6\u00a0Wat zit standaard in elk pakket?<\/strong><\/h4>\n<\/div>\n<p>[\/vc_column_text][vc_empty_space height=&#8221;1em&#8221;][vc_column_text css=&#8221;&#8221;]<\/p>\n<div style=\"margin-top: 10px;\"><strong>\ud83d\udd39 Online administratie via Yuki<\/strong><\/div>\n<p>Altijd actueel overzicht van je financi\u00ebn, waar je ook bent.<\/p>\n<p><strong>\ud83d\udd39\u00a0Mobiele app<\/strong><br \/>\nBekijk en beheer je administratie vanaf je smartphone.<\/p>\n<p><strong>\ud83d\udd39\u00a0Facturatiemodule<\/strong><br \/>\nVerstuur professionele verkoopfacturen in een paar klikken.<\/p>\n<p><strong>\ud83d\udd39\u00a0BTW-aangiften<\/strong><br \/>\nWij verzorgen je btw-aangiften op tijd en foutloos.<\/p>\n<p><strong>\ud83d\udd39\u00a0Inkomstenbelasting<\/strong><br \/>\nOnze fiscalisten halen het maximale uit jouw aangifte.<\/p>\n<p><strong>\ud83d\udd39\u00a0Jaarstukken op maat<\/strong><br \/>\nAlles wat je als zzp\u2019er nodig hebt, overzichtelijk en professioneel.<\/p>\n<p><strong>\ud83d\udd39\u00a0Bankkoppeling<\/strong><br \/>\nAutomatische verwerking van je zakelijke banktransacties.<\/p>\n<p><strong>\ud83d\udd39\u00a0Persoonlijke support<\/strong><br \/>\nDirect contact met je boekhouder, telefonisch, per mail of op kantoor.[\/vc_column_text][vc_empty_space height=&#8221;4em&#8221;][\/vc_column_inner][vc_column_inner width=&#8221;3\/4&#8243;][vc_column_text css=&#8221;&#8221; el_class=&#8221;intro-block&#8221;]Ik ben Dennis Otten, Partner bij Oamkb Zwolle Hanzestad. Ik ondersteun al 9 jaren ondernemers in de regio Zwolle met hun administraties en belastingaangiften. Per 1 mei heb ik me aangesloten bij Oamkb omdat ik geloof in de kracht van samenwerking. Heb je interesse in een vrijblijvend gesprek? Neem dan zonder twijfel contact op!<\/p>\n<p class=\"p1\">Bij Oamkb Zwolle \u2013 Hanzestad staan we klaar voor de ambitieuze mkb\u2019er en zzp\u2019er die behoefte heeft aan overzicht, rust en betrouwbare financi\u00eble ondersteuning. Met jarenlange ervaring in administratie, belastingadvies en ondernemersbegeleiding weten we precies wat er speelt bij kleine ondernemingen.<\/p>\n<p class=\"p1\">We combineren persoonlijke aandacht met de inzet van moderne software, zodat jij altijd inzicht hebt in je cijfers. Geen gedoe meer met achterstallige administratie of verrassingen bij de belastingaangifte. Jij weet wat je moet doen, en ons team zorgt voor de rest. Zo houd jij tijd over om te doen waar je goed in bent: ondernemen.<\/p>\n<p>[\/vc_column_text][vc_empty_space height=&#8221;16px&#8221;][vc_column_text css=&#8221;&#8221;]<\/p>\n<h3><b>Onze specialisaties<\/b><\/h3>\n<p>[\/vc_column_text][vc_empty_space height=&#8221;1em&#8221;][vc_column_text css=&#8221;&#8221;]<\/p>\n<ul>\n<li>Boekhouding &amp; financi\u00eble administratie<\/li>\n<li class=\"p1\">Belastingaangiften en fiscaal advies<\/li>\n<li class=\"p1\">Begeleiding bij bedrijfsovernames<\/li>\n<li class=\"p1\">Advies op maat voor groeiende ondernemers<\/li>\n<\/ul>\n<p>Bij ons krijg je geen standaardoplossing, maar maatwerk dat past bij jouw situatie. Of je nu starter bent of al jarenlang onderneemt we denken met je mee, zijn goed bereikbaar en houden de lijntjes kort.<\/p>\n<p>Samen zorgen we voor een sterke financi\u00eble basis voor jouw bedrijf.[\/vc_column_text][vc_empty_space][vc_column_text css=&#8221;&#8221;]<\/p>\n<h3 data-olk-copy-source=\"MessageBody\"><strong>Waarom kiezen voor OAMKB Hanzestad?<\/strong><\/h3>\n<p>[\/vc_column_text][vc_empty_space height=&#8221;1em&#8221;][vc_column_text css=&#8221;&#8221;]<strong>Vast maandbedrag <\/strong>\u2013 transparant en overzichtelijk<\/p>\n<p><strong>Inclusief webtool en app <\/strong>\u2013 je administratie altijd bij de hand<\/p>\n<p><strong>Persoonlijke boekhouder <\/strong>\u2013 snel contact zonder gedoe[\/vc_column_text][vc_empty_space][vc_column_text css=&#8221;&#8221;]<\/p>\n<h3>De tarieven van OAMKB Hanzestad<\/h3>\n<p>[\/vc_column_text][vc_empty_space height=&#8221;1em&#8221;][vc_column_text css=&#8221;&#8221;]Bij\u00a0OAMKB Hanzestad\u00a0houden we administratie simpel, duidelijk en effici\u00ebnt. Je betaalt een vast bedrag per maand, zonder verrassingen achteraf. Wij verzorgen jouw volledige financi\u00eble administratie, inclusief de btw-aangiften \u00e9n de aangifte inkomstenbelasting.<\/p>\n<p>Als klant krijg je toegang tot onze krachtige online administratieomgeving en mobiele app (Yuki). Hiermee heb je altijd realtime inzicht in je administratie, stel je eenvoudig verkoopfacturen op en houd je grip op je financi\u00ebn. Vragen? Bel, mail of kom gewoon langs bij ons op kantoor \u2013 we helpen je graag.<\/p>\n<p>Wij regelen jouw administratie, zodat jij kunt ondernemen.[\/vc_column_text][vc_empty_space][\/vc_column_inner][\/vc_row_inner][vc_empty_space height=&#8221;80px&#8221; el_class=&#8221;mt-8&#8243;][\/vc_column][\/vc_row][vc_row content_width=&#8221;grid&#8221; content_aligment=&#8221;center&#8221; css=&#8221;.vc_custom_1588741364809{background-color: #f5faff !important;}&#8221;][vc_column][vc_empty_space height=&#8221;80px&#8221; el_class=&#8221;mt-8&#8243;][vc_column_text]<\/p>\n<h2>Ons team<\/h2>\n<p>[\/vc_column_text][vc_empty_space height=&#8221;2em&#8221;][vc_empty_space height=&#8221;60px&#8221;][vc_row_inner][vc_column_inner width=&#8221;1\/3&#8243;]\n<div class=\"mkdf-team main-info-below-image\">\n\t<div class=\"mkdf-team-inner\">\n\t\t\t\t\t<div class=\"mkdf-team-image\">\n\t\t\t\t<img decoding=\"async\" src=\"https:\/\/oamkb.nl\/kantoor\/oamkb-zwolle-hanzestad\/wp-content\/uploads\/sites\/202\/2025\/06\/thumbnail_image-2-1.png\" alt=\"mkdf-team-image\"\/>\n\t\t\t<\/div>\n\t\t\n\t\t\t\t\t<div class=\"mkdf-team-info\">\n\t\t\t\t\t\t\t\t\t<div class=\"mkdf-team-title-holder normal_social\">\n\t\t\t\t\t\t\t\t\t\t\t\t\t<h3 class=\"mkdf-team-name\">\n\t\t\t\t\t\t\t\tDennis Otten\t\t\t\t\t\t\t<\/h3>\n\t\t\t\t\t\t\t\t\t\t\t\t\t\t\t\t\t\t\t<h6 class=\"mkdf-team-position\">Eigenaar &amp; Senior Financieel Controller \u2013 OAMKB Hanzestad<\/h6>\n\t\t\t\t\t\t\t\t\t\t\t<\/div>\n\t\t\t\t\t\t\t\t\t\n\t\t\t\t<\/div>\n\t<\/div>\n<\/div>[vc_column_text css=&#8221;&#8221;]Dennis Otten is een ervaren financieel specialist met een sterke focus op het ondersteunen van ondernemers. Als eigenaar van OAMKB Hanzestad combineert hij zijn uitgebreide kennis van boekhouding en belastingadvies met een nuchtere, praktische aanpak.<\/p>\n<p>Met oog voor detail \u00e9n het grotere geheel helpt Dennis zzp\u2019ers en mkb\u2019ers om grip te krijgen op hun cijfers, structuur aan te brengen in hun administratie en slimme keuzes te maken voor hun onderneming. Klanten waarderen zijn persoonlijke benadering, heldere communicatie en betrouwbare inzichten.<\/p>\n<p><em>\u201cIk zorg voor rust in de cijfers, zodat jij kunt focussen op je bedrijf.&#8221;<\/em>[\/vc_column_text][\/vc_column_inner][vc_column_inner width=&#8221;1\/3&#8243;]\n<div class=\"mkdf-team main-info-below-image\">\n\t<div class=\"mkdf-team-inner\">\n\t\t\t\t\t<div class=\"mkdf-team-image\">\n\t\t\t\t<img decoding=\"async\" src=\"https:\/\/oamkb.nl\/kantoor\/oamkb-zwolle-hanzestad\/wp-content\/uploads\/sites\/202\/2025\/06\/thumbnail_image-1-1.png\" alt=\"mkdf-team-image\"\/>\n\t\t\t<\/div>\n\t\t\n\t\t\t\t\t<div class=\"mkdf-team-info\">\n\t\t\t\t\t\t\t\t\t<div class=\"mkdf-team-title-holder normal_social\">\n\t\t\t\t\t\t\t\t\t\t\t\t\t<h3 class=\"mkdf-team-name\">\n\t\t\t\t\t\t\t\tEric Proper\t\t\t\t\t\t\t<\/h3>\n\t\t\t\t\t\t\t\t\t\t\t\t\t\t\t\t\t\t\t<h6 class=\"mkdf-team-position\">Senior Salarisadministrateur \u2013 OAMKB Hanzestad<\/h6>\n\t\t\t\t\t\t\t\t\t\t\t<\/div>\n\t\t\t\t\t\t\t\t\t\n\t\t\t\t<\/div>\n\t<\/div>\n<\/div>[vc_column_text css=&#8221;&#8221;]Eric Proper is een toegewijde en uiterst nauwkeurige salarisadministrateur met een scherp oog voor detail. Hij zorgt voor een foutloze en tijdige verwerking van loonadministratie, waarbij hij altijd rekening houdt met wet- en regelgeving \u00e9n de wensen van de klant.<\/p>\n<p>Dankzij zijn gestructureerde werkwijze en klantgerichte houding is Eric een onmisbare schakel binnen ons team. Hij staat bekend om zijn betrouwbaarheid, heldere communicatie en het vermogen om complexe vraagstukken eenvoudig uit te leggen.<\/p>\n<p><em>\u201cSalarisadministratie hoort soepel te verlopen \u2013 ik zorg ervoor dat alles klopt, elke maand weer.\u201d<\/em>[\/vc_column_text][\/vc_column_inner][vc_column_inner width=&#8221;1\/3&#8243;][\/vc_column_inner][\/vc_row_inner][vc_empty_space][vc_empty_space height=&#8221;40px&#8221;][\/vc_column][\/vc_row][vc_row css=&#8221;.vc_custom_1589259416057{background-color: #f5faff !important;}&#8221;][vc_column][vc_row_inner content_width=&#8221;grid&#8221;][vc_column_inner][vc_column_text][vc_row el_class=\"content-highlight-block\"][vc_column][vc_row_inner][vc_column_inner width=\"2\/3\"][vc_empty_space height=\"25px\"][vc_single_image image=\"7483\" img_size=\"full\" onclick=\"custom_link\" img_link_target=\"_blank\" link=\"https:\/\/oamkb.nl\/bedrijfscoaching\/groeiende-bedrijven\/\"][\/vc_column_inner][vc_column_inner width=\"1\/3\"][vc_column_text css=\"\"]\r\n<h2><span class=\"il\">NU GRATIS KENNISMAKINGSGESPREK BEDRIJFSADVIES<\/span>\r\n<span class=\"highlight-txt\">T.W.V. \u20ac295,-\u00a0<\/span><\/h2>\r\nHeb je behoefte aan meer klanten, meer geld, en beter presterende medewerkers? Wat wil jij het eerste aanpakken om te verbeteren in je bedrijf? Ondernemen is inspirerender, motiverender en meer fun samen met een bedrijfsadviseur van oamkb! Jouw bedrijfsadviseur verdient zichzelf ruimschoots voor je terug en van een gratis kennismakingsgesprek steek je altijd wat op. Vraag nu een gratis kennismakingsgesprek aan ter waarde van \u20ac 295,- !\r\n\r\n<a href=\"https:\/\/oamkb.nl\/kantoor\/oamkb-zwolle-hanzestad\/kennismakingsgesprek-aanvragen\/\" target=\"_self\" style=\"color: #ffffff;background-color: #007dc5;border-color: #007dc5\" class=\"mkdf-btn mkdf-btn-medium mkdf-btn-solid mkdf-btn-custom-hover-bg mkdf-btn-custom-border-hover mkdf-btn-custom-hover-color mkdf-btn-custom-hover-color\" data-hover-bg-color=\"#ffffff\" data-hover-color=\"#007dc5\" data-hover-border-color=\"#007dc5\" >\n        <span class=\"mkdf-btn-text\">Vraag hier het gratis kennismakingsgesprek aan<\/span>\n<\/a>[\/vc_column_text][\/vc_column_inner][\/vc_row_inner][\/vc_column][\/vc_row][\/vc_column_text][\/vc_column_inner][\/vc_row_inner][\/vc_column][\/vc_row][vc_row content_width=&#8221;grid&#8221;][vc_column][vc_empty_space height=&#8221;80px&#8221; el_class=&#8221;mt-8&#8243;][vc_column_text]<\/p>\n<h2>Belangrijke <span class=\"highlight-txt\">blogs<\/span><\/h2>\n<p>[\/vc_column_text][vc_empty_space height=&#8221;2em&#8221;][vc_column_text][vc_row content_width=\"grid\" css=\".vc_custom_1581808607843{background-color: #f5faff !important;}\"][vc_column][vc_empty_space height=\"2em\"][vc_row_inner content_width=\"grid\"][vc_column_inner width=\"1\/3\"][vc_single_image source=\"external_link\" external_img_size=\"1440x820\" onclick=\"custom_link\" css=\"\" link=\"https:\/\/oamkb.nl\/adviescentrum\/online-administratie\/hoe-bespaar-je-tijd-met-een-geautomatiseerde-boekhouding\/\" custom_src=\"https:\/\/oamkb.nl\/adviescentrum\/online-administratie\/wp-content\/uploads\/sites\/8\/2024\/08\/hoe-bespaar-je-tijd-met-een-geautomatiseerde-boekhouding.png\"][vc_empty_space height=\"2em\"][vc_column_text css=\"\"]\r\n<h3 class=\"mkdf-item-title\"><a href=\"https:\/\/oamkb.nl\/adviescentrum\/online-administratie\/hoe-bespaar-je-tijd-met-een-geautomatiseerde-boekhouding\/\">Hoe bespaar je tijd met een geautomatiseerde boekhouding?<\/a><\/h3>\r\nAls ondernemer wil je ondernemen en niet je kostbare tijd verliezen aan administratie. Maar hoe kan je je bedrijf verlossen van de boekhouding? [\/vc_column_text][vc_empty_space height=\"1em\"][\/vc_column_inner][vc_column_inner width=\"1\/3\"][vc_single_image source=\"external_link\" external_img_size=\"1440x820\" onclick=\"custom_link\" css=\"\" link=\"https:\/\/oamkb.nl\/adviescentrum\/bedrijfsadvies\/verplichte-aov-voor-zelfstandigen-wat-verandert-er-vanaf-2027\/\" custom_src=\"https:\/\/oamkb.nl\/adviescentrum\/bedrijfsadvies\/wp-content\/uploads\/sites\/11\/2024\/10\/verplichte-arbeidsongeschiktheidsverzekering-aov-voor-zelfstandigen-wat-verandert-er-vanaf-2027.jpg\"][vc_empty_space height=\"2em\"][vc_column_text css=\"\"]\r\n<h3 class=\"mkdf-item-title\"><a href=\"https:\/\/oamkb.nl\/adviescentrum\/bedrijfsadvies\/verplichte-aov-voor-zelfstandigen-wat-verandert-er-vanaf-2027\/\">Verplichte Arbeidsongeschiktheidsverzekering (AOV) voor zelfstandigen: Wat verandert er vanaf 2027?<\/a><\/h3>\r\nAls ondernemer denk je waarschijnlijk liever niet aan arbeidsongeschiktheid. Toch is het belangrijk om hier goed over na te denken. Per 2027 komt er een verplichte arbeidsongeschiktheidsverzekering (AOV) voor zelfstandigen...[\/vc_column_text][vc_empty_space height=\"1em\"][\/vc_column_inner][vc_column_inner width=\"1\/3\"][vc_single_image source=\"external_link\" external_img_size=\"1440x820\" onclick=\"custom_link\" css=\"\" link=\"https:\/\/oamkb.nl\/adviescentrum\/belastingadvies\/zzp-ja-of-nee-wat-zijn-de-risicos-in-2025\/\" custom_src=\"https:\/\/oamkb.nl\/adviescentrum\/belastingadvies\/wp-content\/uploads\/sites\/9\/2024\/12\/blog.zzp-ja-of-nee-wat-zijn-de-risicos-in-2025.jpg\"][vc_empty_space height=\"2em\"][vc_column_text css=\"\"]\r\n<h3 class=\"mkdf-item-title\"><a href=\"https:\/\/oamkb.nl\/adviescentrum\/belastingadvies\/zzp-ja-of-nee-wat-zijn-de-risicos-in-2025\/\">ZZP ja of nee? Wat zijn de risico's in 2025?<\/a><\/h3>\r\nDe Belastingdienst scherpt vanaf januari 2025 de controles aan op schijnzelfstandigheid bij het inhuren van ZZP\u2019ers. Wat betekent dit voor jou als ZZP'er of opdrachtgever?[\/vc_column_text][vc_empty_space height=\"1em\"][\/vc_column_inner][\/vc_row_inner][vc_empty_space][\/vc_column][\/vc_row][\/vc_column_text][vc_empty_space height=&#8221;80px&#8221; el_class=&#8221;mt-8&#8243;][\/vc_column][\/vc_row][vc_row el_class=&#8221;diensten-block&#8221; css=&#8221;.vc_custom_1580393598624{background-color: #f5faff !important;}&#8221;][vc_column][vc_empty_space height=&#8221;80px&#8221; el_class=&#8221;mt-8&#8243;][vc_column_text]<\/p>\n<h2 style=\"text-align: center;\">Onze <span class=\"highlight-txt\">diensten<\/span><\/h2>\n<p>[\/vc_column_text][vc_empty_space height=&#8221;2em&#8221;][vc_row_inner content_aligment=&#8221;center&#8221; el_class=&#8221;diensten-lijst&#8221;][vc_column_inner width=&#8221;1\/4&#8243;]<div class=\"mkdf-iwt clearfix mkdf-iwt-icon-top mkdf-iwt-icon-medium mkdf-iwt-icon-normal\">\n\t<div class=\"mkdf-iwt-icon-holder\">\n\t\t\t\t\t    <span class=\"mkdf-icon-animation-holder\" >\n\n    <span class=\"mkdf-icon-shortcode normal mkdf-icon-animation mkdf-icon-medium\"  >\n        \n                                    <span class=\"mkdf-image-icon\">\n\t\t\t\t\t\t                            <i class=\"mkdf-icon-dripicons dripicon dripicon-monitor mkdf-icon-element\" style=\"\" ><\/i>                                            <\/span>\n                \n            <\/span>\n\n    <\/span>\n\t\t\t<\/div>\n\t<div class=\"mkdf-iwt-content-holder\" >\n\t\t<div class=\"mkdf-iwt-title-holder\">\n\t\t\t<h3 >\n\t\t\t\t\t\t\t\t\t<a class=\"mkdf-anchor\" href=\"https:\/\/oamkb.nl\/kantoor\/oamkb-zwolle-hanzestad\/online-administratie\/\" target=\"_self\">\n\t\t\t\t\n\t\t\t\tOnline Administratie\n\t\t\t\t\t\t\t\t\t<\/a>\n\t\t\t\t\n\t\t\t<\/h3>\n\t<\/div>\n\t<div class=\"mkdf-iwt-text-holder\">\n\t\t<p >24\/7 inzicht in je administratie tegen een vaste maandprijs inclusief persoonlijk contact en alle belastingaangiften.<\/p>\n\n\t\t\t\t\t<a class=\"mkdf-arrow-link\" href=\"https:\/\/oamkb.nl\/kantoor\/oamkb-zwolle-hanzestad\/online-administratie\/\" target=\"_self\">\n\t\t\t<span class=\"mkdf-al-icon\">\n\t\t\t\t<span class=\"icon-arrow-right-circle\"><\/span>\n\t\t\t<\/span>\n\t\t\t\t<span class=\"mkdf-iwt-link\">Naar Online administratie<\/span>\n\t\t\t<\/a>\n\t\t\t<\/div>\n<\/div>\n<\/div>[\/vc_column_inner][vc_column_inner width=&#8221;1\/4&#8243;]<div class=\"mkdf-iwt clearfix mkdf-iwt-icon-top mkdf-iwt-icon-medium mkdf-iwt-icon-normal\">\n\t<div class=\"mkdf-iwt-icon-holder\">\n\t\t\t\t\t    <span class=\"mkdf-icon-animation-holder\" >\n\n    <span class=\"mkdf-icon-shortcode normal mkdf-icon-animation mkdf-icon-medium\"  >\n        \n                                    <span class=\"mkdf-image-icon\">\n\t\t\t\t\t\t                            <i class=\"mkdf-icon-dripicons dripicon dripicon-help mkdf-icon-element\" style=\"\" ><\/i>                                            <\/span>\n                \n            <\/span>\n\n    <\/span>\n\t\t\t<\/div>\n\t<div class=\"mkdf-iwt-content-holder\" >\n\t\t<div class=\"mkdf-iwt-title-holder\">\n\t\t\t<h3 >\n\t\t\t\t\t\t\t\t\t<a class=\"mkdf-anchor\" href=\"https:\/\/oamkb.nl\/kantoor\/oamkb-zwolle-hanzestad\/belastingadvies\/\" target=\"_self\">\n\t\t\t\t\n\t\t\t\tBelastingadvies\n\t\t\t\t\t\t\t\t\t<\/a>\n\t\t\t\t\n\t\t\t<\/h3>\n\t<\/div>\n\t<div class=\"mkdf-iwt-text-holder\">\n\t\t<p >Alle belastingvoordelen voor ondernemers, je benut alle mogelijkheden binnen de fiscale wetgeving met onze belastingadviseurs<\/p>\n\n\t\t\t\t\t<a class=\"mkdf-arrow-link\" href=\"https:\/\/oamkb.nl\/kantoor\/oamkb-zwolle-hanzestad\/belastingadvies\/\" target=\"_self\">\n\t\t\t<span class=\"mkdf-al-icon\">\n\t\t\t\t<span class=\"icon-arrow-right-circle\"><\/span>\n\t\t\t<\/span>\n\t\t\t\t<span class=\"mkdf-iwt-link\">Naar Belastingadvies<\/span>\n\t\t\t<\/a>\n\t\t\t<\/div>\n<\/div>\n<\/div>[\/vc_column_inner][vc_column_inner width=&#8221;1\/4&#8243;]<div class=\"mkdf-iwt clearfix mkdf-iwt-icon-top mkdf-iwt-icon-medium mkdf-iwt-icon-normal\">\n\t<div class=\"mkdf-iwt-icon-holder\">\n\t\t\t\t\t    <span class=\"mkdf-icon-animation-holder\" >\n\n    <span class=\"mkdf-icon-shortcode normal mkdf-icon-animation mkdf-icon-medium\"  >\n        \n                                    <span class=\"mkdf-image-icon\">\n\t\t\t\t\t\t                            <i class=\"mkdf-icon-dripicons dripicon dripicon-folder-open mkdf-icon-element\" style=\"\" ><\/i>                                            <\/span>\n                \n            <\/span>\n\n    <\/span>\n\t\t\t<\/div>\n\t<div class=\"mkdf-iwt-content-holder\" >\n\t\t<div class=\"mkdf-iwt-title-holder\">\n\t\t\t<h3 >\n\t\t\t\t\t\t\t\t\t<a class=\"mkdf-anchor\" href=\"https:\/\/oamkb.nl\/kantoor\/oamkb-zwolle-hanzestad\/accountancy\" target=\"_self\">\n\t\t\t\t\n\t\t\t\tAccountancy\n\t\t\t\t\t\t\t\t\t<\/a>\n\t\t\t\t\n\t\t\t<\/h3>\n\t<\/div>\n\t<div class=\"mkdf-iwt-text-holder\">\n\t\t<p >Zekerheid bij je jaarrekening afgegeven door een accountant. Alle accountantsverklaringen: subsidieverklaring, due diligence, prognose verklaring enz.<\/p>\n\n\t\t\t\t\t<a class=\"mkdf-arrow-link\" href=\"https:\/\/oamkb.nl\/kantoor\/oamkb-zwolle-hanzestad\/accountancy\" target=\"_self\">\n\t\t\t<span class=\"mkdf-al-icon\">\n\t\t\t\t<span class=\"icon-arrow-right-circle\"><\/span>\n\t\t\t<\/span>\n\t\t\t\t<span class=\"mkdf-iwt-link\">Naar Accountancy<\/span>\n\t\t\t<\/a>\n\t\t\t<\/div>\n<\/div>\n<\/div>[\/vc_column_inner][vc_column_inner width=&#8221;1\/4&#8243;]<div class=\"mkdf-iwt clearfix mkdf-iwt-icon-top mkdf-iwt-icon-medium mkdf-iwt-icon-normal\">\n\t<div class=\"mkdf-iwt-icon-holder\">\n\t\t\t\t\t    <span class=\"mkdf-icon-animation-holder\" >\n\n    <span class=\"mkdf-icon-shortcode normal mkdf-icon-animation mkdf-icon-medium\"  >\n        \n                                    <span class=\"mkdf-image-icon\">\n\t\t\t\t\t\t                            <i class=\"mkdf-icon-dripicons dripicon dripicon-map mkdf-icon-element\" style=\"\" ><\/i>                                            <\/span>\n                \n            <\/span>\n\n    <\/span>\n\t\t\t<\/div>\n\t<div class=\"mkdf-iwt-content-holder\" >\n\t\t<div class=\"mkdf-iwt-title-holder\">\n\t\t\t<h3 >\n\t\t\t\t\t\t\t\t\t<a class=\"mkdf-anchor\" href=\"https:\/\/oamkb.nl\/kantoor\/oamkb-zwolle-hanzestad\/bedrijfsadvies\/\" target=\"_self\">\n\t\t\t\t\n\t\t\t\tBedrijfsadvies\n\t\t\t\t\t\t\t\t\t<\/a>\n\t\t\t\t\n\t\t\t<\/h3>\n\t<\/div>\n\t<div class=\"mkdf-iwt-text-holder\">\n\t\t<p >Specialisten in jouw branche (horeca, zorg, automotive, retail enz) en voor financieringsaanvragen, HR, reorganisatie, fusie en overname<\/p>\n\n\t\t\t\t\t<a class=\"mkdf-arrow-link\" href=\"https:\/\/oamkb.nl\/kantoor\/oamkb-zwolle-hanzestad\/bedrijfsadvies\/\" target=\"_self\">\n\t\t\t<span class=\"mkdf-al-icon\">\n\t\t\t\t<span class=\"icon-arrow-right-circle\"><\/span>\n\t\t\t<\/span>\n\t\t\t\t<span class=\"mkdf-iwt-link\">Naar Bedrijfsadvies<\/span>\n\t\t\t<\/a>\n\t\t\t<\/div>\n<\/div>\n<\/div>[\/vc_column_inner][\/vc_row_inner][vc_empty_space height=&#8221;80px&#8221; el_class=&#8221;mt-8&#8243;][\/vc_column][\/vc_row]<\/p>\n<\/div>","protected":false},"excerpt":{"rendered":"<p>[vc_row content_width=&#8221;grid&#8221; el_class=&#8221;benefits-block&#8221; css=&#8221;.vc_custom_1749624846781{background-image: url(https:\/\/oamkb.nl\/kantoor\/oamkb-zwolle-hanzestad\/wp-content\/uploads\/sites\/202\/2020\/06\/accountancy-klant-oamkb.jpg?id=6915) !important;background-position: center !important;background-repeat: no-repeat !important;background-size: cover !important;}&#8221;][vc_column][vc_column_text css=&#8221;&#8221; el_class=&#8221;page-benefits&#8221;] oamkb Zwolle &#8211; Hanzestad &nbsp; 125+ Ervaren bedrijfsadviseurs Volledig geautomatiseerde administraties 24\/7 Direct inzicht in je bedrijf Slim. Altijd een vast maandbedrag [\/vc_column_text][vc_empty_space height=&#8221;2em&#8221;][vc_empty_space height=&#8221;50px&#8221; el_class=&#8221;mt-8&#8243;][\/vc_column][\/vc_row][vc_row content_width=&#8221;grid&#8221;][vc_column][vc_empty_space height=&#8221;50px&#8221; el_class=&#8221;mt-8&#8243;][vc_column_text css=&#8221;&#8221;] Welkom&#8230;<\/p>\n","protected":false},"author":5,"featured_media":0,"parent":0,"menu_order":0,"comment_status":"closed","ping_status":"closed","template":"full-width.php","meta":{"om_disable_all_campaigns":false,"_monsterinsights_skip_tracking":false,"_monsterinsights_sitenote_active":false,"_monsterinsights_sitenote_note":"","_monsterinsights_sitenote_category":0,"footnotes":""},"class_list":["post-21","page","type-page","status-publish","hentry"],"aioseo_notices":[],"_links":{"self":[{"href":"https:\/\/oamkb.nl\/kantoor\/oamkb-zwolle-hanzestad\/wp-json\/wp\/v2\/pages\/21","targetHints":{"allow":["GET"]}}],"collection":[{"href":"https:\/\/oamkb.nl\/kantoor\/oamkb-zwolle-hanzestad\/wp-json\/wp\/v2\/pages"}],"about":[{"href":"https:\/\/oamkb.nl\/kantoor\/oamkb-zwolle-hanzestad\/wp-json\/wp\/v2\/types\/page"}],"author":[{"embeddable":true,"href":"https:\/\/oamkb.nl\/kantoor\/oamkb-zwolle-hanzestad\/wp-json\/wp\/v2\/users\/5"}],"replies":[{"embeddable":true,"href":"https:\/\/oamkb.nl\/kantoor\/oamkb-zwolle-hanzestad\/wp-json\/wp\/v2\/comments?post=21"}],"version-history":[{"count":142,"href":"https:\/\/oamkb.nl\/kantoor\/oamkb-zwolle-hanzestad\/wp-json\/wp\/v2\/pages\/21\/revisions"}],"predecessor-version":[{"id":7697,"href":"https:\/\/oamkb.nl\/kantoor\/oamkb-zwolle-hanzestad\/wp-json\/wp\/v2\/pages\/21\/revisions\/7697"}],"wp:attachment":[{"href":"https:\/\/oamkb.nl\/kantoor\/oamkb-zwolle-hanzestad\/wp-json\/wp\/v2\/media?parent=21"}],"curies":[{"name":"wp","href":"https:\/\/api.w.org\/{rel}","templated":true}]}}