{"id":4284,"date":"2020-02-05T13:58:06","date_gmt":"2020-02-05T13:58:06","guid":{"rendered":"https:\/\/oamkb.nl\/?page_id=4284"},"modified":"2025-07-16T14:15:55","modified_gmt":"2025-07-16T14:15:55","slug":"contact","status":"publish","type":"page","link":"https:\/\/oamkb.nl\/kantoor\/oamkb-rotterdam\/contact\/","title":{"rendered":"Contact"},"content":{"rendered":"<div class=\"wpb-content-wrapper\"><p>[vc_row content_width=&#8221;grid&#8221; css=&#8221;.vc_custom_1580446292185{background-image: url(https:\/\/oamkb.nl\/wp-content\/uploads\/sites\/119\/2020\/01\/dienst-header-e1580446222742.jpg?id=3933) !important;background-position: center !important;background-repeat: no-repeat !important;background-size: cover !important;}&#8221; el_class=&#8221;benefits-block&#8221;][vc_column][vc_column_text el_class=&#8221;page-benefits&#8221;]<\/p>\n<h1>Contact<\/h1>\n<ul>\n<li>125+ Ervaren bedrijfsadviseurs<\/li>\n<li>Volledig geautomatiseerde administraties<\/li>\n<li>24\/7 Direct inzicht in je bedrijf<\/li>\n<li>Slim. Altijd een vast laag maandbedrag<\/li>\n<\/ul>\n<p>[\/vc_column_text][\/vc_column][\/vc_row][vc_row content_width=&#8221;grid&#8221; el_class=&#8221;kortcontact-block&#8221; el_id=&#8221;aanvragen&#8221;][vc_column][vc_empty_space height=&#8221;80px&#8221; el_class=&#8221;mt-8&#8243;][vc_row_inner content_width=&#8221;grid&#8221;][vc_column_inner width=&#8221;1\/2&#8243;][vc_empty_space height=&#8221;2em&#8221; el_class=&#8221;non-spacer&#8221;][vc_widget_sidebar sidebar_id=&#8221;contact-blok-info&#8221;][\/vc_column_inner][vc_column_inner el_class=&#8221;kort-contactformulier&#8221; width=&#8221;1\/2&#8243;][vc_column_text]<\/p>\n<h2>Stel je vraag<\/h2>\n<p>Bij oamkb staan we elke dag voor je klaar. Ook jou helpen we graag verder met je MKB administratie \u00e8n je onderneming, dus stel gerust je vraag aan ons![\/vc_column_text][vc_empty_space height=&#8221;2em&#8221;][vc_column_text css=&#8221;&#8221;]\n<div class=\"wpcf7 no-js\" id=\"wpcf7-f18303-o1\" lang=\"nl-NL\" dir=\"ltr\" data-wpcf7-id=\"18303\">\n<div class=\"screen-reader-response\"><p role=\"status\" aria-live=\"polite\" aria-atomic=\"true\"><\/p> <ul><\/ul><\/div>\n<form action=\"\/kantoor\/oamkb-rotterdam\/wp-json\/wp\/v2\/pages\/4284#wpcf7-f18303-o1\" method=\"post\" class=\"wpcf7-form init\" aria-label=\"Contactformulier\" novalidate=\"novalidate\" data-status=\"init\">\n<fieldset class=\"hidden-fields-container\"><input type=\"hidden\" name=\"_wpcf7\" value=\"18303\" \/><input type=\"hidden\" name=\"_wpcf7_version\" value=\"6.1.5\" \/><input type=\"hidden\" name=\"_wpcf7_locale\" value=\"nl_NL\" \/><input type=\"hidden\" name=\"_wpcf7_unit_tag\" value=\"wpcf7-f18303-o1\" \/><input type=\"hidden\" name=\"_wpcf7_container_post\" value=\"0\" \/><input type=\"hidden\" name=\"_wpcf7_posted_data_hash\" value=\"\" \/><input type=\"hidden\" name=\"_wpcf7_recaptcha_response\" value=\"\" \/>\n<\/fieldset>\n<p>Naam (verplicht)\n<\/p>\n<p><span class=\"wpcf7-form-control-wrap\" data-name=\"your-name\"><input size=\"40\" maxlength=\"400\" class=\"wpcf7-form-control wpcf7-text wpcf7-validates-as-required\" aria-required=\"true\" aria-invalid=\"false\" placeholder=\"Jouw naam\" value=\"\" type=\"text\" name=\"your-name\" \/><\/span>\n<\/p>\n<p>E-mailadres (verplicht)\n<\/p>\n<p><span class=\"wpcf7-form-control-wrap\" data-name=\"your-email\"><input size=\"40\" maxlength=\"400\" class=\"wpcf7-form-control wpcf7-email wpcf7-validates-as-required wpcf7-text wpcf7-validates-as-email\" aria-required=\"true\" aria-invalid=\"false\" placeholder=\"E-mailadres\" value=\"\" type=\"email\" name=\"your-email\" \/><\/span>\n<\/p>\n<p>Telefoonnummer\n<\/p>\n<p><span class=\"wpcf7-form-control-wrap\" data-name=\"your-phone\"><input size=\"40\" maxlength=\"400\" class=\"wpcf7-form-control wpcf7-tel wpcf7-text wpcf7-validates-as-tel\" aria-invalid=\"false\" placeholder=\"Bijv. 0612345678\" value=\"\" type=\"tel\" name=\"your-phone\" \/><\/span>\n<\/p>\n<p>Ik wil graag:\n<\/p>\n<p><span class=\"wpcf7-form-control-wrap\" data-name=\"aanvraag\"><span class=\"wpcf7-form-control wpcf7-radio\"><span class=\"wpcf7-list-item first\"><label><input type=\"radio\" name=\"aanvraag\" value=\"Contact opnemen\" checked=\"checked\" \/><span class=\"wpcf7-list-item-label\">Contact opnemen<\/span><\/label><\/span><span class=\"wpcf7-list-item last\"><label><input type=\"radio\" name=\"aanvraag\" value=\"Een gratis kennismakingsgesprek aanvragen\" \/><span class=\"wpcf7-list-item-label\">Een gratis kennismakingsgesprek aanvragen<\/span><\/label><\/span><\/span><\/span>\n<\/p>\n<p>Bericht\n<\/p>\n<p><span class=\"wpcf7-form-control-wrap\" data-name=\"your-message\"><textarea cols=\"40\" rows=\"10\" maxlength=\"2000\" class=\"wpcf7-form-control wpcf7-textarea\" aria-invalid=\"false\" placeholder=\"Schrijf hier je vraag of verzoek...\" name=\"your-message\"><\/textarea><\/span>\n<\/p>\n<input class=\"wpcf7-form-control wpcf7-hidden\" value=\"\" type=\"hidden\" name=\"ontvanger\" \/>\n<p><input class=\"wpcf7-form-control wpcf7-submit has-spinner\" type=\"submit\" value=\"Versturen\" \/>\n<\/p><div class=\"wpcf7-response-output\" aria-hidden=\"true\"><\/div>\n<\/form>\n<\/div>\n[\/vc_column_text][\/vc_column_inner][\/vc_row_inner][vc_empty_space height=&#8221;80px&#8221; el_class=&#8221;mt-8&#8243;][\/vc_column][\/vc_row][vc_row content_width=&#8221;grid&#8221;][vc_column][vc_column_text]<\/p>\n<h2>Altijd beschikbaar voor contact<\/h2>\n<p>In Rotterdam hoef je geen enkele barri\u00e8re te ervaren om contact op te nemen met onze oamkb-adviseurs. Daarom zijn telefoongesprekken en e-mailverkeer inbegrepen in de maandprijs. Bij complexere onderwerpen communiceren we via telefoon of in een persoonlijk contact en de afspraken worden vervolgens vastgelegd via e-mail. Of je nu wilt bellen, mailen of appen, onze adviseurs in Rotterdam zijn altijd bereikbaar.<\/p>\n<p>&nbsp;<\/p>\n<h3>Hoeveel contactmomenten zijn er?<\/h3>\n<p>De adviseurs van oamkb Rotterdam bespreken jouw bedrijf en financi\u00eble gegevens ten minste \u00e9\u00e9n keer per kwartaal. Indien nodig kun je ook contactmomenten aanvragen op maandelijkse basis of vaker.<\/p>\n<p>&nbsp;<\/p>\n<h3>Wat bespreken we tijdens de contactmomenten per kwartaal?<\/h3>\n<p>Doordat de oamkb-adviseurs jouw administratie 24\/7 bijhouden, kunnen wij je tussentijds vragen stellen over de administratie, waarbij het antwoord nog vers in je geheugen staat en het jou en ons de minste tijd kost. De kwartaalbespreking is afhankelijk van de complexiteit van jouw bedrijf. Het kan voorkomen dat we alleen constateren dat jouw administratie op rolletjes loopt en je weinig vragen hebt over jouw bedrijf. In dat geval sturen we je een e-mail met de mededeling dat er geen bijzonderheden zijn te bespreken. Rotterdam is hier niet in verwerkt, dus laat het me gerust weten als je nog een specifieke zin wilt zien!<\/p>\n<p>&nbsp;<\/p>\n<h3>Bedrijfsadvies Rotterdam om jouw bedrijf (nog) beter te laten lopen<\/h3>\n<p>Er zijn vaak meerdere uitdagingen waar je als bedrijf mee te maken krijgt. Zo kun je bijvoorbeeld vragen hebben over het personeelsbeleid, fiscale vraagstukken, financi\u00eble analyses of toekomstplannen. Gelukkig zijn er ondernemingsgesprekken die speciaal bedoeld zijn om deze zaken te bespreken. Jouw oamkb-adviseur kan, indien nodig, een specialist aandragen die je verder kan helpen met een specifiek onderwerp. Het uitgangspunt is hierbij dat de specialist meer waarde moet opleveren dan de kosten die hij met zich meebrengt.<\/p>\n<p>&nbsp;<\/p>\n<h3>Een soepele administratie die weinig tijd kost<\/h3>\n<p>Ons doel is om de administratie voor jou zo vlot mogelijk te laten verlopen, zodat we meer aandacht kunnen besteden aan jouw onderneming. Hoewel de cijfers belangrijk zijn als basis, streven we er ook naar om tijdens onze gezamenlijke contactmomenten te kijken naar manieren om de administratie zowel voor jou als voor ons gemakkelijker te maken. Dit zal niet alleen geld, maar ook tijd besparen.[\/vc_column_text][\/vc_column][\/vc_row]<\/p>\n<\/div>","protected":false},"excerpt":{"rendered":"<p>[vc_row content_width=&#8221;grid&#8221; css=&#8221;.vc_custom_1580446292185{background-image: url(https:\/\/oamkb.nl\/wp-content\/uploads\/sites\/119\/2020\/01\/dienst-header-e1580446222742.jpg?id=3933) !important;background-position: center !important;background-repeat: no-repeat !important;background-size: cover !important;}&#8221; el_class=&#8221;benefits-block&#8221;][vc_column][vc_column_text el_class=&#8221;page-benefits&#8221;] Contact 125+ Ervaren bedrijfsadviseurs Volledig geautomatiseerde administraties 24\/7 Direct inzicht in je bedrijf Slim. Altijd een vast laag maandbedrag [\/vc_column_text][\/vc_column][\/vc_row][vc_row content_width=&#8221;grid&#8221; el_class=&#8221;kortcontact-block&#8221; el_id=&#8221;aanvragen&#8221;][vc_column][vc_empty_space height=&#8221;80px&#8221; el_class=&#8221;mt-8&#8243;][vc_row_inner content_width=&#8221;grid&#8221;][vc_column_inner width=&#8221;1\/2&#8243;][vc_empty_space height=&#8221;2em&#8221; el_class=&#8221;non-spacer&#8221;][vc_widget_sidebar sidebar_id=&#8221;contact-blok-info&#8221;][\/vc_column_inner][vc_column_inner el_class=&#8221;kort-contactformulier&#8221; width=&#8221;1\/2&#8243;][vc_column_text]&#8230;<\/p>\n","protected":false},"author":5,"featured_media":0,"parent":0,"menu_order":0,"comment_status":"closed","ping_status":"closed","template":"full-width.php","meta":{"footnotes":""},"class_list":["post-4284","page","type-page","status-publish","hentry"],"yoast_head":"<!-- This site is optimized with the Yoast SEO plugin v27.2 - https:\/\/yoast.com\/product\/yoast-seo-wordpress\/ -->\n<title>Neem vrijblijvend contact op met oamkb Rotterdam<\/title>\n<meta name=\"description\" content=\"Neem vrijblijvend contact op met oamkb Rotterdam voor een bedrijfsadvies gesprek. Binnen 24 uur zal \u00e9\u00e9n van onze adviseurs contact met je opnemen.\" \/>\n<meta name=\"robots\" content=\"index, follow, max-snippet:-1, max-image-preview:large, max-video-preview:-1\" \/>\n<link rel=\"canonical\" href=\"https:\/\/oamkb.nl\/contact\/\" \/>\n<meta property=\"og:locale\" content=\"nl_NL\" \/>\n<meta property=\"og:type\" content=\"article\" \/>\n<meta property=\"og:title\" content=\"Neem vrijblijvend contact op met oamkb Rotterdam\" \/>\n<meta property=\"og:description\" content=\"Neem vrijblijvend contact op met oamkb Rotterdam voor een bedrijfsadvies gesprek. Binnen 24 uur zal \u00e9\u00e9n van onze adviseurs contact met je opnemen.\" \/>\n<meta property=\"og:url\" content=\"https:\/\/oamkb.nl\/contact\/\" \/>\n<meta property=\"og:site_name\" content=\"oamkb Rotterdam\" \/>\n<meta property=\"article:modified_time\" content=\"2025-07-16T14:15:55+00:00\" \/>\n<meta property=\"og:image\" content=\"https:\/\/oamkb.nl\/kantoor\/oamkb-rotterdam\/wp-content\/uploads\/sites\/119\/2020\/09\/voordelen-oamkb.jpg\" \/>\n\t<meta property=\"og:image:width\" content=\"860\" \/>\n\t<meta property=\"og:image:height\" content=\"453\" \/>\n\t<meta property=\"og:image:type\" content=\"image\/jpeg\" \/>\n<meta name=\"twitter:card\" content=\"summary_large_image\" \/>\n<meta name=\"twitter:label1\" content=\"Geschatte leestijd\" \/>\n\t<meta name=\"twitter:data1\" content=\"3 minuten\" \/>\n<script type=\"application\/ld+json\" class=\"yoast-schema-graph\">{\"@context\":\"https:\/\/schema.org\",\"@graph\":[{\"@type\":\"WebPage\",\"@id\":\"https:\/\/oamkb.nl\/kantoor\/oamkb-rotterdam\/contact\/\",\"url\":\"https:\/\/oamkb.nl\/contact\/\",\"name\":\"Neem vrijblijvend contact op met oamkb Rotterdam\",\"isPartOf\":{\"@id\":\"https:\/\/oamkb.nl\/kantoor\/oamkb-rotterdam\/#website\"},\"datePublished\":\"2020-02-05T13:58:06+00:00\",\"dateModified\":\"2025-07-16T14:15:55+00:00\",\"description\":\"Neem vrijblijvend contact op met oamkb Rotterdam voor een bedrijfsadvies gesprek. Binnen 24 uur zal \u00e9\u00e9n van onze adviseurs contact met je opnemen.\",\"breadcrumb\":{\"@id\":\"https:\/\/oamkb.nl\/contact\/#breadcrumb\"},\"inLanguage\":\"nl-NL\",\"potentialAction\":[{\"@type\":\"ReadAction\",\"target\":[\"https:\/\/oamkb.nl\/contact\/\"]}]},{\"@type\":\"BreadcrumbList\",\"@id\":\"https:\/\/oamkb.nl\/contact\/#breadcrumb\",\"itemListElement\":[{\"@type\":\"ListItem\",\"position\":1,\"name\":\"Home\",\"item\":\"https:\/\/oamkb.nl\/kantoor\/oamkb-rotterdam\/\"},{\"@type\":\"ListItem\",\"position\":2,\"name\":\"Contact\"}]},{\"@type\":\"WebSite\",\"@id\":\"https:\/\/oamkb.nl\/kantoor\/oamkb-rotterdam\/#website\",\"url\":\"https:\/\/oamkb.nl\/kantoor\/oamkb-rotterdam\/\",\"name\":\"oamkb Rotterdam\",\"description\":\"120 ervaren bedrijfsadviseurs\",\"potentialAction\":[{\"@type\":\"SearchAction\",\"target\":{\"@type\":\"EntryPoint\",\"urlTemplate\":\"https:\/\/oamkb.nl\/kantoor\/oamkb-rotterdam\/?s={search_term_string}\"},\"query-input\":{\"@type\":\"PropertyValueSpecification\",\"valueRequired\":true,\"valueName\":\"search_term_string\"}}],\"inLanguage\":\"nl-NL\"}]}<\/script>\n<!-- \/ Yoast SEO plugin. -->","yoast_head_json":{"title":"Neem vrijblijvend contact op met oamkb Rotterdam","description":"Neem vrijblijvend contact op met oamkb Rotterdam voor een bedrijfsadvies gesprek. Binnen 24 uur zal \u00e9\u00e9n van onze adviseurs contact met je opnemen.","robots":{"index":"index","follow":"follow","max-snippet":"max-snippet:-1","max-image-preview":"max-image-preview:large","max-video-preview":"max-video-preview:-1"},"canonical":"https:\/\/oamkb.nl\/contact\/","og_locale":"nl_NL","og_type":"article","og_title":"Neem vrijblijvend contact op met oamkb Rotterdam","og_description":"Neem vrijblijvend contact op met oamkb Rotterdam voor een bedrijfsadvies gesprek. Binnen 24 uur zal \u00e9\u00e9n van onze adviseurs contact met je opnemen.","og_url":"https:\/\/oamkb.nl\/contact\/","og_site_name":"oamkb Rotterdam","article_modified_time":"2025-07-16T14:15:55+00:00","og_image":[{"width":860,"height":453,"url":"https:\/\/oamkb.nl\/kantoor\/oamkb-rotterdam\/wp-content\/uploads\/sites\/119\/2020\/09\/voordelen-oamkb.jpg","type":"image\/jpeg"}],"twitter_card":"summary_large_image","twitter_misc":{"Geschatte leestijd":"3 minuten"},"schema":{"@context":"https:\/\/schema.org","@graph":[{"@type":"WebPage","@id":"https:\/\/oamkb.nl\/kantoor\/oamkb-rotterdam\/contact\/","url":"https:\/\/oamkb.nl\/contact\/","name":"Neem vrijblijvend contact op met oamkb Rotterdam","isPartOf":{"@id":"https:\/\/oamkb.nl\/kantoor\/oamkb-rotterdam\/#website"},"datePublished":"2020-02-05T13:58:06+00:00","dateModified":"2025-07-16T14:15:55+00:00","description":"Neem vrijblijvend contact op met oamkb Rotterdam voor een bedrijfsadvies gesprek. Binnen 24 uur zal \u00e9\u00e9n van onze adviseurs contact met je opnemen.","breadcrumb":{"@id":"https:\/\/oamkb.nl\/contact\/#breadcrumb"},"inLanguage":"nl-NL","potentialAction":[{"@type":"ReadAction","target":["https:\/\/oamkb.nl\/contact\/"]}]},{"@type":"BreadcrumbList","@id":"https:\/\/oamkb.nl\/contact\/#breadcrumb","itemListElement":[{"@type":"ListItem","position":1,"name":"Home","item":"https:\/\/oamkb.nl\/kantoor\/oamkb-rotterdam\/"},{"@type":"ListItem","position":2,"name":"Contact"}]},{"@type":"WebSite","@id":"https:\/\/oamkb.nl\/kantoor\/oamkb-rotterdam\/#website","url":"https:\/\/oamkb.nl\/kantoor\/oamkb-rotterdam\/","name":"oamkb Rotterdam","description":"120 ervaren bedrijfsadviseurs","potentialAction":[{"@type":"SearchAction","target":{"@type":"EntryPoint","urlTemplate":"https:\/\/oamkb.nl\/kantoor\/oamkb-rotterdam\/?s={search_term_string}"},"query-input":{"@type":"PropertyValueSpecification","valueRequired":true,"valueName":"search_term_string"}}],"inLanguage":"nl-NL"}]}},"_links":{"self":[{"href":"https:\/\/oamkb.nl\/kantoor\/oamkb-rotterdam\/wp-json\/wp\/v2\/pages\/4284","targetHints":{"allow":["GET"]}}],"collection":[{"href":"https:\/\/oamkb.nl\/kantoor\/oamkb-rotterdam\/wp-json\/wp\/v2\/pages"}],"about":[{"href":"https:\/\/oamkb.nl\/kantoor\/oamkb-rotterdam\/wp-json\/wp\/v2\/types\/page"}],"author":[{"embeddable":true,"href":"https:\/\/oamkb.nl\/kantoor\/oamkb-rotterdam\/wp-json\/wp\/v2\/users\/5"}],"replies":[{"embeddable":true,"href":"https:\/\/oamkb.nl\/kantoor\/oamkb-rotterdam\/wp-json\/wp\/v2\/comments?post=4284"}],"version-history":[{"count":13,"href":"https:\/\/oamkb.nl\/kantoor\/oamkb-rotterdam\/wp-json\/wp\/v2\/pages\/4284\/revisions"}],"predecessor-version":[{"id":18306,"href":"https:\/\/oamkb.nl\/kantoor\/oamkb-rotterdam\/wp-json\/wp\/v2\/pages\/4284\/revisions\/18306"}],"wp:attachment":[{"href":"https:\/\/oamkb.nl\/kantoor\/oamkb-rotterdam\/wp-json\/wp\/v2\/media?parent=4284"}],"curies":[{"name":"wp","href":"https:\/\/api.w.org\/{rel}","templated":true}]}}