{"id":7604,"date":"2025-06-11T08:41:06","date_gmt":"2025-06-11T08:41:06","guid":{"rendered":"https:\/\/oamkb.nl\/kantoor\/oamkb-oss-uden\/?page_id=7604"},"modified":"2025-11-07T08:01:44","modified_gmt":"2025-11-07T08:01:44","slug":"kennismakingsgesprek-aanvragen","status":"publish","type":"page","link":"https:\/\/oamkb.nl\/kantoor\/oamkb-oss-uden\/kennismakingsgesprek-aanvragen\/","title":{"rendered":"Kennismakingsgesprek aanvragen"},"content":{"rendered":"<div class=\"wpb-content-wrapper\"><p>[vc_row content_width=&#8221;grid&#8221; css=&#8221;.vc_custom_1749631335956{background-image: url(https:\/\/oamkb.nl\/kantoor\/oamkb-oss-uden\/wp-content\/uploads\/sites\/204\/2020\/06\/accountancy-klant-oamkb.jpg?id=6915) !important;background-position: center !important;background-repeat: no-repeat !important;background-size: cover !important;}&#8221; el_class=&#8221;benefits-block&#8221;][vc_column][vc_column_text css=&#8221;&#8221; el_class=&#8221;page-benefits&#8221;]<\/p>\n<h1><span data-olk-copy-source=\"MessageBody\">Kennismakingsgesprek<\/span> aanvragen<\/h1>\n<ul>\n<li>Alles voor personeelsinzet onder \u00e9\u00e9n dak<\/li>\n<li>Zorgeloos ondernemen dankzij betrouwbare ondersteuning<\/li>\n<li>Altijd overzicht en inzicht voor jou \u00e9n je medewerkers<\/li>\n<li>Persoonlijk contact en heldere service<\/li>\n<\/ul>\n<p>[\/vc_column_text][\/vc_column][\/vc_row][vc_row content_width=&#8221;grid&#8221; el_class=&#8221;kortcontact-block&#8221; el_id=&#8221;aanvragen&#8221;][vc_column][vc_empty_space height=&#8221;2em&#8221;][vc_column_text css=&#8221;&#8221; el_class=&#8221;fake-breadcrumbs&#8221;]<a href=\"https:\/\/oamkb.nl\/kantoor\/oamkb-assen\/\">Home<\/a> \/ <span data-olk-copy-source=\"MessageBody\">Kennismakingsgesprek<\/span><span class=\"highlight-txt\">\u00a0aanvragen<\/span>[\/vc_column_text][vc_empty_space height=&#8221;40px&#8221; el_class=&#8221;mt-4&#8243;][vc_row_inner content_width=&#8221;grid&#8221;][vc_column_inner width=&#8221;1\/2&#8243;][vc_empty_space height=&#8221;2em&#8221; el_class=&#8221;non-spacer&#8221;][vc_widget_sidebar sidebar_id=&#8221;contact-blok-info&#8221; el_class=&#8221;contact-info&#8221;][\/vc_column_inner][vc_column_inner el_class=&#8221;kort-contactformulier&#8221; width=&#8221;1\/2&#8243;][vc_column_text css=&#8221;&#8221;]<\/p>\n<h3>Contact \/ Gratis <span data-olk-copy-source=\"MessageBody\">kennismakingsgesprek<\/span> aanvragen<\/h3>\n<div class=\"wpcf7 no-js\" id=\"wpcf7-f7560-o1\" lang=\"nl-NL\" dir=\"ltr\" data-wpcf7-id=\"7560\">\n<div class=\"screen-reader-response\"><p role=\"status\" aria-live=\"polite\" aria-atomic=\"true\"><\/p> <ul><\/ul><\/div>\n<form action=\"\/kantoor\/oamkb-oss-uden\/wp-json\/wp\/v2\/pages\/7604#wpcf7-f7560-o1\" method=\"post\" class=\"wpcf7-form init\" aria-label=\"Contactformulier\" novalidate=\"novalidate\" data-status=\"init\">\n<fieldset class=\"hidden-fields-container\"><input type=\"hidden\" name=\"_wpcf7\" value=\"7560\" \/><input type=\"hidden\" name=\"_wpcf7_version\" value=\"6.1.5\" \/><input type=\"hidden\" name=\"_wpcf7_locale\" value=\"nl_NL\" \/><input type=\"hidden\" name=\"_wpcf7_unit_tag\" value=\"wpcf7-f7560-o1\" \/><input type=\"hidden\" name=\"_wpcf7_container_post\" value=\"0\" \/><input type=\"hidden\" name=\"_wpcf7_posted_data_hash\" value=\"\" \/><input type=\"hidden\" name=\"_wpcf7_recaptcha_response\" value=\"\" \/>\n<\/fieldset>\n<p>Naam (verplicht)\n<\/p>\n<p><span class=\"wpcf7-form-control-wrap\" data-name=\"your-name\"><input size=\"40\" maxlength=\"400\" class=\"wpcf7-form-control wpcf7-text wpcf7-validates-as-required\" aria-required=\"true\" aria-invalid=\"false\" placeholder=\"Jouw naam\" value=\"\" type=\"text\" name=\"your-name\" \/><\/span>\n<\/p>\n<p>E-mailadres (verplicht)\n<\/p>\n<p><span class=\"wpcf7-form-control-wrap\" data-name=\"your-email\"><input size=\"40\" maxlength=\"400\" class=\"wpcf7-form-control wpcf7-email wpcf7-validates-as-required wpcf7-text wpcf7-validates-as-email\" aria-required=\"true\" aria-invalid=\"false\" placeholder=\"E-mailadres\" value=\"\" type=\"email\" name=\"your-email\" \/><\/span>\n<\/p>\n<p>Telefoonnummer\n<\/p>\n<p><span class=\"wpcf7-form-control-wrap\" data-name=\"your-phone\"><input size=\"40\" maxlength=\"400\" class=\"wpcf7-form-control wpcf7-tel wpcf7-text wpcf7-validates-as-tel\" aria-invalid=\"false\" placeholder=\"Bijv. 0612345678\" value=\"\" type=\"tel\" name=\"your-phone\" \/><\/span>\n<\/p>\n<p>Ik wil graag:\n<\/p>\n<p><span class=\"wpcf7-form-control-wrap\" data-name=\"aanvraag\"><span class=\"wpcf7-form-control wpcf7-radio\"><span class=\"wpcf7-list-item first\"><label><input type=\"radio\" name=\"aanvraag\" value=\"Contact opnemen\" checked=\"checked\" \/><span class=\"wpcf7-list-item-label\">Contact opnemen<\/span><\/label><\/span><span class=\"wpcf7-list-item last\"><label><input type=\"radio\" name=\"aanvraag\" value=\"Een gratis kennismakingsgesprek aanvragen\" \/><span class=\"wpcf7-list-item-label\">Een gratis kennismakingsgesprek aanvragen<\/span><\/label><\/span><\/span><\/span>\n<\/p>\n<p>Bericht\n<\/p>\n<p><span class=\"wpcf7-form-control-wrap\" data-name=\"your-message\"><textarea cols=\"40\" rows=\"10\" maxlength=\"2000\" class=\"wpcf7-form-control wpcf7-textarea\" aria-invalid=\"false\" placeholder=\"Schrijf hier je vraag of verzoek...\" name=\"your-message\"><\/textarea><\/span>\n<\/p>\n<input class=\"wpcf7-form-control wpcf7-hidden\" value=\"\" type=\"hidden\" name=\"ontvanger\" \/>\n<p><input class=\"wpcf7-form-control wpcf7-submit has-spinner\" type=\"submit\" value=\"Versturen\" \/>\n<\/p><div class=\"wpcf7-response-output\" aria-hidden=\"true\"><\/div>\n<\/form>\n<\/div>\n[\/vc_column_text][\/vc_column_inner][\/vc_row_inner][vc_empty_space height=&#8221;80px&#8221; el_class=&#8221;mt-8&#8243;][\/vc_column][\/vc_row]<\/p>\n<\/div>","protected":false},"excerpt":{"rendered":"<p>[vc_row content_width=&#8221;grid&#8221; css=&#8221;.vc_custom_1749631335956{background-image: url(https:\/\/oamkb.nl\/kantoor\/oamkb-oss-uden\/wp-content\/uploads\/sites\/204\/2020\/06\/accountancy-klant-oamkb.jpg?id=6915) !important;background-position: center !important;background-repeat: no-repeat !important;background-size: cover !important;}&#8221; el_class=&#8221;benefits-block&#8221;][vc_column][vc_column_text css=&#8221;&#8221; el_class=&#8221;page-benefits&#8221;] Kennismakingsgesprek aanvragen Alles voor personeelsinzet onder \u00e9\u00e9n dak Zorgeloos ondernemen dankzij betrouwbare ondersteuning Altijd overzicht en inzicht voor jou \u00e9n je medewerkers Persoonlijk contact en heldere service [\/vc_column_text][\/vc_column][\/vc_row][vc_row content_width=&#8221;grid&#8221; el_class=&#8221;kortcontact-block&#8221; el_id=&#8221;aanvragen&#8221;][vc_column][vc_empty_space&#8230;<\/p>\n","protected":false},"author":26,"featured_media":0,"parent":0,"menu_order":0,"comment_status":"closed","ping_status":"closed","template":"full-width.php","meta":{"om_disable_all_campaigns":false,"_monsterinsights_skip_tracking":false,"_monsterinsights_sitenote_active":false,"_monsterinsights_sitenote_note":"","_monsterinsights_sitenote_category":0,"footnotes":""},"class_list":["post-7604","page","type-page","status-publish","hentry"],"aioseo_notices":[],"_links":{"self":[{"href":"https:\/\/oamkb.nl\/kantoor\/oamkb-oss-uden\/wp-json\/wp\/v2\/pages\/7604","targetHints":{"allow":["GET"]}}],"collection":[{"href":"https:\/\/oamkb.nl\/kantoor\/oamkb-oss-uden\/wp-json\/wp\/v2\/pages"}],"about":[{"href":"https:\/\/oamkb.nl\/kantoor\/oamkb-oss-uden\/wp-json\/wp\/v2\/types\/page"}],"author":[{"embeddable":true,"href":"https:\/\/oamkb.nl\/kantoor\/oamkb-oss-uden\/wp-json\/wp\/v2\/users\/26"}],"replies":[{"embeddable":true,"href":"https:\/\/oamkb.nl\/kantoor\/oamkb-oss-uden\/wp-json\/wp\/v2\/comments?post=7604"}],"version-history":[{"count":6,"href":"https:\/\/oamkb.nl\/kantoor\/oamkb-oss-uden\/wp-json\/wp\/v2\/pages\/7604\/revisions"}],"predecessor-version":[{"id":7753,"href":"https:\/\/oamkb.nl\/kantoor\/oamkb-oss-uden\/wp-json\/wp\/v2\/pages\/7604\/revisions\/7753"}],"wp:attachment":[{"href":"https:\/\/oamkb.nl\/kantoor\/oamkb-oss-uden\/wp-json\/wp\/v2\/media?parent=7604"}],"curies":[{"name":"wp","href":"https:\/\/api.w.org\/{rel}","templated":true}]}}