{"id":4284,"date":"2020-02-05T13:58:06","date_gmt":"2020-02-05T13:58:06","guid":{"rendered":"https:\/\/oamkb.nl\/?page_id=4284"},"modified":"2025-07-16T11:29:20","modified_gmt":"2025-07-16T11:29:20","slug":"contact","status":"publish","type":"page","link":"https:\/\/oamkb.nl\/kantoor\/oamkb-nijmegen\/contact\/","title":{"rendered":"Contact"},"content":{"rendered":"<div class=\"wpb-content-wrapper\"><p>[vc_row content_width=&#8221;grid&#8221; css=&#8221;.vc_custom_1580446292185{background-image: url(https:\/\/oamkb.nl\/wp-content\/uploads\/sites\/81\/2020\/01\/dienst-header-e1580446222742.jpg?id=3933) !important;background-position: center !important;background-repeat: no-repeat !important;background-size: cover !important;}&#8221; el_class=&#8221;benefits-block&#8221;][vc_column][vc_column_text el_class=&#8221;page-benefits&#8221;]<\/p>\n<h1>Contact<\/h1>\n<ul>\n<li>125+ Ervaren bedrijfsadviseurs<\/li>\n<li>Volledig geautomatiseerde administraties<\/li>\n<li>24\/7 Direct inzicht in je bedrijf<\/li>\n<li>Slim. Altijd een vast laag maandbedrag<\/li>\n<\/ul>\n<p>[\/vc_column_text][\/vc_column][\/vc_row][vc_row content_width=&#8221;grid&#8221; el_class=&#8221;kortcontact-block&#8221; el_id=&#8221;aanvragen&#8221;][vc_column][vc_empty_space height=&#8221;80px&#8221; el_class=&#8221;mt-8&#8243;][vc_row_inner content_width=&#8221;grid&#8221;][vc_column_inner width=&#8221;1\/2&#8243;][vc_empty_space height=&#8221;2em&#8221; el_class=&#8221;non-spacer&#8221;][vc_widget_sidebar sidebar_id=&#8221;contact-blok-info&#8221;][\/vc_column_inner][vc_column_inner el_class=&#8221;kort-contactformulier&#8221; width=&#8221;1\/2&#8243;][vc_column_text]<\/p>\n<h2>Stel je vraag<\/h2>\n<p>Bij oamkb staan we elke dag voor je klaar. Ook jou helpen we graag verder met je MKB administratie \u00e8n je onderneming, dus stel gerust je vraag aan ons![\/vc_column_text][vc_empty_space height=&#8221;2em&#8221;][vc_column_text css=&#8221;&#8221;]\n<div class=\"wpcf7 no-js\" id=\"wpcf7-f17355-o1\" lang=\"nl-NL\" dir=\"ltr\" data-wpcf7-id=\"17355\">\n<div class=\"screen-reader-response\"><p role=\"status\" aria-live=\"polite\" aria-atomic=\"true\"><\/p> <ul><\/ul><\/div>\n<form action=\"\/kantoor\/oamkb-nijmegen\/wp-json\/wp\/v2\/pages\/4284#wpcf7-f17355-o1\" method=\"post\" class=\"wpcf7-form init\" aria-label=\"Contactformulier\" novalidate=\"novalidate\" data-status=\"init\">\n<fieldset class=\"hidden-fields-container\"><input type=\"hidden\" name=\"_wpcf7\" value=\"17355\" \/><input type=\"hidden\" name=\"_wpcf7_version\" value=\"6.1.5\" \/><input type=\"hidden\" name=\"_wpcf7_locale\" value=\"nl_NL\" \/><input type=\"hidden\" name=\"_wpcf7_unit_tag\" value=\"wpcf7-f17355-o1\" \/><input type=\"hidden\" name=\"_wpcf7_container_post\" value=\"0\" \/><input type=\"hidden\" name=\"_wpcf7_posted_data_hash\" value=\"\" \/><input type=\"hidden\" name=\"_wpcf7_recaptcha_response\" value=\"\" \/>\n<\/fieldset>\n<p>Naam (verplicht)\n<\/p>\n<p><span class=\"wpcf7-form-control-wrap\" data-name=\"your-name\"><input size=\"40\" maxlength=\"400\" class=\"wpcf7-form-control wpcf7-text wpcf7-validates-as-required\" aria-required=\"true\" aria-invalid=\"false\" placeholder=\"Jouw naam\" value=\"\" type=\"text\" name=\"your-name\" \/><\/span>\n<\/p>\n<p>E-mailadres (verplicht)\n<\/p>\n<p><span class=\"wpcf7-form-control-wrap\" data-name=\"your-email\"><input size=\"40\" maxlength=\"400\" class=\"wpcf7-form-control wpcf7-email wpcf7-validates-as-required wpcf7-text wpcf7-validates-as-email\" aria-required=\"true\" aria-invalid=\"false\" placeholder=\"E-mailadres\" value=\"\" type=\"email\" name=\"your-email\" \/><\/span>\n<\/p>\n<p>Telefoonnummer\n<\/p>\n<p><span class=\"wpcf7-form-control-wrap\" data-name=\"your-phone\"><input size=\"40\" maxlength=\"400\" class=\"wpcf7-form-control wpcf7-tel wpcf7-text wpcf7-validates-as-tel\" aria-invalid=\"false\" placeholder=\"Bijv. 0612345678\" value=\"\" type=\"tel\" name=\"your-phone\" \/><\/span>\n<\/p>\n<p>Ik wil graag:\n<\/p>\n<p><span class=\"wpcf7-form-control-wrap\" data-name=\"aanvraag\"><span class=\"wpcf7-form-control wpcf7-radio\"><span class=\"wpcf7-list-item first\"><label><input type=\"radio\" name=\"aanvraag\" value=\"Contact opnemen\" checked=\"checked\" \/><span class=\"wpcf7-list-item-label\">Contact opnemen<\/span><\/label><\/span><span class=\"wpcf7-list-item last\"><label><input type=\"radio\" name=\"aanvraag\" value=\"Een gratis kennismakingsgesprek aanvragen\" \/><span class=\"wpcf7-list-item-label\">Een gratis kennismakingsgesprek aanvragen<\/span><\/label><\/span><\/span><\/span>\n<\/p>\n<p>Bericht\n<\/p>\n<p><span class=\"wpcf7-form-control-wrap\" data-name=\"your-message\"><textarea cols=\"40\" rows=\"10\" maxlength=\"2000\" class=\"wpcf7-form-control wpcf7-textarea\" aria-invalid=\"false\" placeholder=\"Schrijf hier je vraag of verzoek...\" name=\"your-message\"><\/textarea><\/span>\n<\/p>\n<input class=\"wpcf7-form-control wpcf7-hidden\" value=\"\" type=\"hidden\" name=\"ontvanger\" \/>\n<p><input class=\"wpcf7-form-control wpcf7-submit has-spinner\" type=\"submit\" value=\"Versturen\" \/>\n<\/p><div class=\"wpcf7-response-output\" aria-hidden=\"true\"><\/div>\n<\/form>\n<\/div>\n[\/vc_column_text][\/vc_column_inner][\/vc_row_inner][vc_empty_space height=&#8221;80px&#8221; el_class=&#8221;mt-8&#8243;][vc_empty_space height=&#8221;80px&#8221; el_class=&#8221;mt-8&#8243;][\/vc_column][\/vc_row][vc_row content_width=&#8221;grid&#8221;][vc_column][vc_column_text]<\/p>\n<h2>Altijd beschikbaar voor contact<\/h2>\n<p>Aarzel niet om contact op te nemen met onze oamkb-adviseurs in de regio Nijmegen, aangezien er geen belemmeringen zijn. Onze maandelijkse prijs omvat telefoongesprekken en e-mailverkeer, waardoor het gemakkelijker wordt om met ons te communiceren. In het geval van complexere onderwerpen, maken we gebruik van telefonische gesprekken of persoonlijke ontmoetingen, waarbij de afspraken nadien via e-mail worden vastgelegd. Je kunt ons bellen, mailen of appen.<\/p>\n<h3>Hoeveel contactmomenten zijn er?<\/h3>\n<p>De adviseurs van oamkb bespreken jouw onderneming en financi\u00eble gegevens minstens \u00e9\u00e9n keer per kwartaal. Als je dat wilt, kun je ook vaker contactmomenten aanvragen, zelfs maandelijks, afhankelijk van de behoefte.<\/p>\n<p>&nbsp;<\/p>\n<h3>Wat bespreken we tijdens de contactmomenten per kwartaal?<\/h3>\n<p>Als je in Nijmegen bent, kun je profiteren van onze oamkb Nijmegen adviesdiensten, waarbij onze adviseurs 24\/7 jouw administratie bijhouden. Gedurende deze periode kunnen wij vragen stellen over jouw administratie, zodat het antwoord direct in jouw geheugen wordt opgeslagen en er zo min mogelijk tijd verloren gaat. De frequentie van kwartaalgesprekken hangt af van de complexiteit van jouw bedrijf. In sommige gevallen kan het zijn dat jouw administratie soepel verloopt en dat er weinig vragen zijn over jouw bedrijf. In zo&#8217;n geval zal oamkb Nijmegen een e-mail sturen waarin we aangeven dat er geen bijzonderheden zijn om te bespreken.<\/p>\n<p>&nbsp;<\/p>\n<h3>Bedrijfsadvies Nijmegen om jouw bedrijf (nog) beter te laten lopen<\/h3>\n<p>Binnen jouw bedrijf zijn er vaak meerdere aspecten om rekening mee te houden. Wellicht heb je vragen over je personeel, fiscale zaken, financi\u00eble rapportages of toekomstplannen. Om deze vragen te beantwoorden, bieden we ondernemingsgesprekken aan. Tijdens deze gesprekken kan jouw oamkb-adviseur, indien nodig, een specialist aanbevelen om specifieke vraagstukken te bespreken. We zijn ervan overtuigd dat deze specialisten meer waarde toevoegen dan dat ze kosten.<\/p>\n<p>&nbsp;<\/p>\n<h3>Een soepele administratie die weinig tijd kost<\/h3>\n<p>Bij oamkb Nijmegen streven we ernaar om jouw administratie zo soepel mogelijk te laten verlopen, zodat we meer tijd hebben om ons te richten op jouw onderneming en de cijfers slechts als basis te gebruiken. Tijdens onze contactmomenten kunnen we samen bekijken hoe we de administratie zowel voor jou als voor ons makkelijker kunnen maken, waardoor je zowel geld als tijd bespaart.[\/vc_column_text][vc_empty_space height=&#8221;80px&#8221; el_class=&#8221;mt-8&#8243;][\/vc_column][\/vc_row]<\/p>\n<\/div>","protected":false},"excerpt":{"rendered":"<p>[vc_row content_width=&#8221;grid&#8221; css=&#8221;.vc_custom_1580446292185{background-image: url(https:\/\/oamkb.nl\/wp-content\/uploads\/sites\/81\/2020\/01\/dienst-header-e1580446222742.jpg?id=3933) !important;background-position: center !important;background-repeat: no-repeat !important;background-size: cover !important;}&#8221; el_class=&#8221;benefits-block&#8221;][vc_column][vc_column_text el_class=&#8221;page-benefits&#8221;] Contact 125+ Ervaren bedrijfsadviseurs Volledig geautomatiseerde administraties 24\/7 Direct inzicht in je bedrijf Slim. Altijd een vast laag maandbedrag [\/vc_column_text][\/vc_column][\/vc_row][vc_row content_width=&#8221;grid&#8221; el_class=&#8221;kortcontact-block&#8221; el_id=&#8221;aanvragen&#8221;][vc_column][vc_empty_space height=&#8221;80px&#8221; el_class=&#8221;mt-8&#8243;][vc_row_inner content_width=&#8221;grid&#8221;][vc_column_inner width=&#8221;1\/2&#8243;][vc_empty_space height=&#8221;2em&#8221; el_class=&#8221;non-spacer&#8221;][vc_widget_sidebar sidebar_id=&#8221;contact-blok-info&#8221;][\/vc_column_inner][vc_column_inner el_class=&#8221;kort-contactformulier&#8221; width=&#8221;1\/2&#8243;][vc_column_text]&#8230;<\/p>\n","protected":false},"author":5,"featured_media":0,"parent":0,"menu_order":0,"comment_status":"closed","ping_status":"closed","template":"full-width.php","meta":{"footnotes":""},"class_list":["post-4284","page","type-page","status-publish","hentry"],"yoast_head":"<!-- This site is optimized with the Yoast SEO plugin v27.5 - https:\/\/yoast.com\/product\/yoast-seo-wordpress\/ -->\n<title>Neem vrijblijvend contact op met oamkb Nijmegen<\/title>\n<meta name=\"description\" content=\"Neem vrijblijvend contact op met oamkb Nijmegen voor een bedrijfsadvies gesprek. Binnen 24 uur zal \u00e9\u00e9n van onze adviseurs contact met je opnemen.\" \/>\n<meta name=\"robots\" content=\"index, follow, max-snippet:-1, max-image-preview:large, max-video-preview:-1\" \/>\n<link rel=\"canonical\" href=\"https:\/\/oamkb.nl\/contact\/\" \/>\n<meta property=\"og:locale\" content=\"nl_NL\" \/>\n<meta property=\"og:type\" content=\"article\" \/>\n<meta property=\"og:title\" content=\"Neem vrijblijvend contact op met oamkb Nijmegen\" \/>\n<meta property=\"og:description\" content=\"Neem vrijblijvend contact op met oamkb Nijmegen voor een bedrijfsadvies gesprek. Binnen 24 uur zal \u00e9\u00e9n van onze adviseurs contact met je opnemen.\" \/>\n<meta property=\"og:url\" content=\"https:\/\/oamkb.nl\/contact\/\" \/>\n<meta property=\"og:site_name\" content=\"oamkb Rinzema &amp; Verbeek\" \/>\n<meta property=\"article:modified_time\" content=\"2025-07-16T11:29:20+00:00\" \/>\n<meta property=\"og:image\" content=\"https:\/\/oamkb.nl\/kantoor\/oamkb-nijmegen\/wp-content\/uploads\/sites\/81\/2020\/09\/voordelen-oamkb.jpg\" \/>\n\t<meta property=\"og:image:width\" content=\"860\" \/>\n\t<meta property=\"og:image:height\" content=\"453\" \/>\n\t<meta property=\"og:image:type\" content=\"image\/jpeg\" \/>\n<meta name=\"twitter:card\" content=\"summary_large_image\" \/>\n<meta name=\"twitter:label1\" content=\"Geschatte leestijd\" \/>\n\t<meta name=\"twitter:data1\" content=\"3 minuten\" \/>\n<script type=\"application\/ld+json\" class=\"yoast-schema-graph\">{\"@context\":\"https:\\\/\\\/schema.org\",\"@graph\":[{\"@type\":\"WebPage\",\"@id\":\"https:\\\/\\\/oamkb.nl\\\/kantoor\\\/oamkb-nijmegen\\\/contact\\\/\",\"url\":\"https:\\\/\\\/oamkb.nl\\\/contact\\\/\",\"name\":\"Neem vrijblijvend contact op met oamkb Nijmegen\",\"isPartOf\":{\"@id\":\"https:\\\/\\\/oamkb.nl\\\/kantoor\\\/oamkb-nijmegen\\\/#website\"},\"datePublished\":\"2020-02-05T13:58:06+00:00\",\"dateModified\":\"2025-07-16T11:29:20+00:00\",\"description\":\"Neem vrijblijvend contact op met oamkb Nijmegen voor een bedrijfsadvies gesprek. Binnen 24 uur zal \u00e9\u00e9n van onze adviseurs contact met je opnemen.\",\"breadcrumb\":{\"@id\":\"https:\\\/\\\/oamkb.nl\\\/contact\\\/#breadcrumb\"},\"inLanguage\":\"nl-NL\",\"potentialAction\":[{\"@type\":\"ReadAction\",\"target\":[\"https:\\\/\\\/oamkb.nl\\\/contact\\\/\"]}]},{\"@type\":\"BreadcrumbList\",\"@id\":\"https:\\\/\\\/oamkb.nl\\\/contact\\\/#breadcrumb\",\"itemListElement\":[{\"@type\":\"ListItem\",\"position\":1,\"name\":\"Home\",\"item\":\"https:\\\/\\\/oamkb.nl\\\/kantoor\\\/oamkb-nijmegen\\\/\"},{\"@type\":\"ListItem\",\"position\":2,\"name\":\"Contact\"}]},{\"@type\":\"WebSite\",\"@id\":\"https:\\\/\\\/oamkb.nl\\\/kantoor\\\/oamkb-nijmegen\\\/#website\",\"url\":\"https:\\\/\\\/oamkb.nl\\\/kantoor\\\/oamkb-nijmegen\\\/\",\"name\":\"oamkb Rinzema &amp; Verbeek\",\"description\":\"120 ervaren bedrijfsadviseurs\",\"potentialAction\":[{\"@type\":\"SearchAction\",\"target\":{\"@type\":\"EntryPoint\",\"urlTemplate\":\"https:\\\/\\\/oamkb.nl\\\/kantoor\\\/oamkb-nijmegen\\\/?s={search_term_string}\"},\"query-input\":{\"@type\":\"PropertyValueSpecification\",\"valueRequired\":true,\"valueName\":\"search_term_string\"}}],\"inLanguage\":\"nl-NL\"}]}<\/script>\n<!-- \/ Yoast SEO plugin. -->","yoast_head_json":{"title":"Neem vrijblijvend contact op met oamkb Nijmegen","description":"Neem vrijblijvend contact op met oamkb Nijmegen voor een bedrijfsadvies gesprek. Binnen 24 uur zal \u00e9\u00e9n van onze adviseurs contact met je opnemen.","robots":{"index":"index","follow":"follow","max-snippet":"max-snippet:-1","max-image-preview":"max-image-preview:large","max-video-preview":"max-video-preview:-1"},"canonical":"https:\/\/oamkb.nl\/contact\/","og_locale":"nl_NL","og_type":"article","og_title":"Neem vrijblijvend contact op met oamkb Nijmegen","og_description":"Neem vrijblijvend contact op met oamkb Nijmegen voor een bedrijfsadvies gesprek. Binnen 24 uur zal \u00e9\u00e9n van onze adviseurs contact met je opnemen.","og_url":"https:\/\/oamkb.nl\/contact\/","og_site_name":"oamkb Rinzema &amp; Verbeek","article_modified_time":"2025-07-16T11:29:20+00:00","og_image":[{"width":860,"height":453,"url":"https:\/\/oamkb.nl\/kantoor\/oamkb-nijmegen\/wp-content\/uploads\/sites\/81\/2020\/09\/voordelen-oamkb.jpg","type":"image\/jpeg"}],"twitter_card":"summary_large_image","twitter_misc":{"Geschatte leestijd":"3 minuten"},"schema":{"@context":"https:\/\/schema.org","@graph":[{"@type":"WebPage","@id":"https:\/\/oamkb.nl\/kantoor\/oamkb-nijmegen\/contact\/","url":"https:\/\/oamkb.nl\/contact\/","name":"Neem vrijblijvend contact op met oamkb Nijmegen","isPartOf":{"@id":"https:\/\/oamkb.nl\/kantoor\/oamkb-nijmegen\/#website"},"datePublished":"2020-02-05T13:58:06+00:00","dateModified":"2025-07-16T11:29:20+00:00","description":"Neem vrijblijvend contact op met oamkb Nijmegen voor een bedrijfsadvies gesprek. Binnen 24 uur zal \u00e9\u00e9n van onze adviseurs contact met je opnemen.","breadcrumb":{"@id":"https:\/\/oamkb.nl\/contact\/#breadcrumb"},"inLanguage":"nl-NL","potentialAction":[{"@type":"ReadAction","target":["https:\/\/oamkb.nl\/contact\/"]}]},{"@type":"BreadcrumbList","@id":"https:\/\/oamkb.nl\/contact\/#breadcrumb","itemListElement":[{"@type":"ListItem","position":1,"name":"Home","item":"https:\/\/oamkb.nl\/kantoor\/oamkb-nijmegen\/"},{"@type":"ListItem","position":2,"name":"Contact"}]},{"@type":"WebSite","@id":"https:\/\/oamkb.nl\/kantoor\/oamkb-nijmegen\/#website","url":"https:\/\/oamkb.nl\/kantoor\/oamkb-nijmegen\/","name":"oamkb Rinzema &amp; Verbeek","description":"120 ervaren bedrijfsadviseurs","potentialAction":[{"@type":"SearchAction","target":{"@type":"EntryPoint","urlTemplate":"https:\/\/oamkb.nl\/kantoor\/oamkb-nijmegen\/?s={search_term_string}"},"query-input":{"@type":"PropertyValueSpecification","valueRequired":true,"valueName":"search_term_string"}}],"inLanguage":"nl-NL"}]}},"_links":{"self":[{"href":"https:\/\/oamkb.nl\/kantoor\/oamkb-nijmegen\/wp-json\/wp\/v2\/pages\/4284","targetHints":{"allow":["GET"]}}],"collection":[{"href":"https:\/\/oamkb.nl\/kantoor\/oamkb-nijmegen\/wp-json\/wp\/v2\/pages"}],"about":[{"href":"https:\/\/oamkb.nl\/kantoor\/oamkb-nijmegen\/wp-json\/wp\/v2\/types\/page"}],"author":[{"embeddable":true,"href":"https:\/\/oamkb.nl\/kantoor\/oamkb-nijmegen\/wp-json\/wp\/v2\/users\/5"}],"replies":[{"embeddable":true,"href":"https:\/\/oamkb.nl\/kantoor\/oamkb-nijmegen\/wp-json\/wp\/v2\/comments?post=4284"}],"version-history":[{"count":15,"href":"https:\/\/oamkb.nl\/kantoor\/oamkb-nijmegen\/wp-json\/wp\/v2\/pages\/4284\/revisions"}],"predecessor-version":[{"id":17360,"href":"https:\/\/oamkb.nl\/kantoor\/oamkb-nijmegen\/wp-json\/wp\/v2\/pages\/4284\/revisions\/17360"}],"wp:attachment":[{"href":"https:\/\/oamkb.nl\/kantoor\/oamkb-nijmegen\/wp-json\/wp\/v2\/media?parent=4284"}],"curies":[{"name":"wp","href":"https:\/\/api.w.org\/{rel}","templated":true}]}}