{"id":4284,"date":"2020-02-05T13:58:06","date_gmt":"2020-02-05T13:58:06","guid":{"rendered":"https:\/\/oamkb.nl\/?page_id=4284"},"modified":"2025-07-16T14:43:21","modified_gmt":"2025-07-16T14:43:21","slug":"contact","status":"publish","type":"page","link":"https:\/\/oamkb.nl\/kantoor\/oamkb-boxmeer-sambeek\/contact\/","title":{"rendered":"Contact"},"content":{"rendered":"<div class=\"wpb-content-wrapper\"><p>[vc_row content_width=&#8221;grid&#8221; css=&#8221;.vc_custom_1678187132587{background-image: url(https:\/\/oamkb.nl\/kantoor\/oamkb-boxmeer-sambeek\/wp-content\/uploads\/sites\/122\/2023\/03\/oamkb-boxmeer-sambeek-contact-header.webp?id=18224) !important;background-position: center !important;background-repeat: no-repeat !important;background-size: cover !important;}&#8221; el_class=&#8221;benefits-block&#8221;][vc_column][vc_column_text el_class=&#8221;page-benefits&#8221;]<\/p>\n<h1>Contact<\/h1>\n<ul>\n<li>125+ Ervaren bedrijfsadviseurs<\/li>\n<li>Volledig geautomatiseerde administraties<\/li>\n<li>24\/7 Direct inzicht in je bedrijf<\/li>\n<li>Slim. Altijd een vast laag maandbedrag<\/li>\n<\/ul>\n<p>[\/vc_column_text][\/vc_column][\/vc_row][vc_row content_width=&#8221;grid&#8221; el_class=&#8221;kortcontact-block&#8221; el_id=&#8221;aanvragen&#8221;][vc_column][vc_empty_space height=&#8221;80px&#8221; el_class=&#8221;mt-8&#8243;][vc_row_inner content_width=&#8221;grid&#8221;][vc_column_inner width=&#8221;1\/2&#8243;][vc_empty_space height=&#8221;2em&#8221; el_class=&#8221;non-spacer&#8221;][vc_widget_sidebar sidebar_id=&#8221;contact-blok-info&#8221;][\/vc_column_inner][vc_column_inner el_class=&#8221;kort-contactformulier&#8221; width=&#8221;1\/2&#8243;][vc_column_text]<\/p>\n<h2>Stel je vraag<\/h2>\n<p>Bij oamkb staan we elke dag voor je klaar. Ook jou helpen we graag verder met je MKB administratie \u00e8n je onderneming, dus stel gerust je vraag aan ons![\/vc_column_text][vc_empty_space height=&#8221;2em&#8221;][vc_column_text css=&#8221;&#8221;]\n<div class=\"wpcf7 no-js\" id=\"wpcf7-f18384-o1\" lang=\"nl-NL\" dir=\"ltr\" data-wpcf7-id=\"18384\">\n<div class=\"screen-reader-response\"><p role=\"status\" aria-live=\"polite\" aria-atomic=\"true\"><\/p> <ul><\/ul><\/div>\n<form action=\"\/kantoor\/oamkb-boxmeer-sambeek\/wp-json\/wp\/v2\/pages\/4284#wpcf7-f18384-o1\" method=\"post\" class=\"wpcf7-form init\" aria-label=\"Contactformulier\" novalidate=\"novalidate\" data-status=\"init\">\n<fieldset class=\"hidden-fields-container\"><input type=\"hidden\" name=\"_wpcf7\" value=\"18384\" \/><input type=\"hidden\" name=\"_wpcf7_version\" value=\"6.1.5\" \/><input type=\"hidden\" name=\"_wpcf7_locale\" value=\"nl_NL\" \/><input type=\"hidden\" name=\"_wpcf7_unit_tag\" value=\"wpcf7-f18384-o1\" \/><input type=\"hidden\" name=\"_wpcf7_container_post\" value=\"0\" \/><input type=\"hidden\" name=\"_wpcf7_posted_data_hash\" value=\"\" \/><input type=\"hidden\" name=\"_wpcf7_recaptcha_response\" value=\"\" \/>\n<\/fieldset>\n<p>Naam (verplicht)\n<\/p>\n<p><span class=\"wpcf7-form-control-wrap\" data-name=\"your-name\"><input size=\"40\" maxlength=\"400\" class=\"wpcf7-form-control wpcf7-text wpcf7-validates-as-required\" aria-required=\"true\" aria-invalid=\"false\" placeholder=\"Jouw naam\" value=\"\" type=\"text\" name=\"your-name\" \/><\/span>\n<\/p>\n<p>E-mailadres (verplicht)\n<\/p>\n<p><span class=\"wpcf7-form-control-wrap\" data-name=\"your-email\"><input size=\"40\" maxlength=\"400\" class=\"wpcf7-form-control wpcf7-email wpcf7-validates-as-required wpcf7-text wpcf7-validates-as-email\" aria-required=\"true\" aria-invalid=\"false\" placeholder=\"E-mailadres\" value=\"\" type=\"email\" name=\"your-email\" \/><\/span>\n<\/p>\n<p>Telefoonnummer\n<\/p>\n<p><span class=\"wpcf7-form-control-wrap\" data-name=\"your-phone\"><input size=\"40\" maxlength=\"400\" class=\"wpcf7-form-control wpcf7-tel wpcf7-text wpcf7-validates-as-tel\" aria-invalid=\"false\" placeholder=\"Bijv. 0612345678\" value=\"\" type=\"tel\" name=\"your-phone\" \/><\/span>\n<\/p>\n<p>Ik wil graag:\n<\/p>\n<p><span class=\"wpcf7-form-control-wrap\" data-name=\"aanvraag\"><span class=\"wpcf7-form-control wpcf7-radio\"><span class=\"wpcf7-list-item first\"><label><input type=\"radio\" name=\"aanvraag\" value=\"Contact opnemen\" checked=\"checked\" \/><span class=\"wpcf7-list-item-label\">Contact opnemen<\/span><\/label><\/span><span class=\"wpcf7-list-item last\"><label><input type=\"radio\" name=\"aanvraag\" value=\"Een gratis kennismakingsgesprek aanvragen\" \/><span class=\"wpcf7-list-item-label\">Een gratis kennismakingsgesprek aanvragen<\/span><\/label><\/span><\/span><\/span>\n<\/p>\n<p>Bericht\n<\/p>\n<p><span class=\"wpcf7-form-control-wrap\" data-name=\"your-message\"><textarea cols=\"40\" rows=\"10\" maxlength=\"2000\" class=\"wpcf7-form-control wpcf7-textarea\" aria-invalid=\"false\" placeholder=\"Schrijf hier je vraag of verzoek...\" name=\"your-message\"><\/textarea><\/span>\n<\/p>\n<input class=\"wpcf7-form-control wpcf7-hidden\" value=\"\" type=\"hidden\" name=\"ontvanger\" \/>\n<p><input class=\"wpcf7-form-control wpcf7-submit has-spinner\" type=\"submit\" value=\"Versturen\" \/>\n<\/p><div class=\"wpcf7-response-output\" aria-hidden=\"true\"><\/div>\n<\/form>\n<\/div>\n[\/vc_column_text][\/vc_column_inner][\/vc_row_inner][vc_empty_space height=&#8221;80px&#8221; el_class=&#8221;mt-8&#8243;][\/vc_column][\/vc_row][vc_row content_width=&#8221;grid&#8221;][vc_column][vc_column_text]<\/p>\n<h2>Altijd beschikbaar voor contact<\/h2>\n<p>Neem gerust contact op met onze oamkb Boxmeer &#8211; Sambeek adviseurs zonder enige drempel. Onze maandprijs omvat telefoongesprekken en e-mailverkeer, zodat communicatie altijd makkelijk is. Indien het onderwerp complexer is, zullen we telefonisch of persoonlijk contact hebben en de afspraken zullen dan worden vastgelegd via e-mail. Je kunt ons bereiken via telefoon, e-mail of app.<\/p>\n<p>&nbsp;<\/p>\n<h3>Hoeveel contactmomenten zijn er?<\/h3>\n<p>Bij oamkb Boxmeer &#8211; Sambeek bespreken onze adviseurs jouw onderneming en financi\u00eble gegevens ten minste \u00e9\u00e9n keer per kwartaal. Indien gewenst, kun je ook extra contactmomenten per maand aanvragen of zo vaak als nodig is.<\/p>\n<p>&nbsp;<\/p>\n<h3>Wat bespreken we tijdens de contactmomenten per kwartaal?<\/h3>\n<p>Bij oamkb Boxmeer &#8211; Sambeek houden onze adviseurs jouw administratie 24\/7 bij. Dit betekent dat we je af en toe tussendoor vragen zullen stellen over je administratie, zodat het antwoord nog vers in jouw geheugen zit en het voor zowel jou als ons minder tijd kost. De kwartaalbespreking is afhankelijk van de complexiteit van jouw bedrijf. Als we constateren dat jouw administratie vlot verloopt en je zelf weinig vragen hebt over je bedrijf, dan zullen we je laten weten dat er geen bijzonderheden zijn om te bespreken via e-mail.<\/p>\n<p>&nbsp;<\/p>\n<h3>Bedrijfsadvies Boxmeer &#8211; Sambeek om jouw bedrijf (nog) beter te laten lopen<\/h3>\n<p>Bij oamkb Boxmeer &#8211; Sambeek begrijpen we dat er vaak meer speelt binnen jouw bedrijf dan alleen de basiszaken. Je kunt bijvoorbeeld vragen hebben over jouw personeelsbeleid, fiscale kwesties, financi\u00eble rapportages of toekomstplannen. Daarom bieden wij ondernemingsgesprekken aan, waarbij jouw oamkb-adviseur desgewenst een specialist kan inschakelen om specifieke onderwerpen te behandelen. Ons uitgangspunt is dat de meerwaarde die een specialist biedt, opweegt tegen de kosten ervan.<\/p>\n<p>&nbsp;<\/p>\n<h3>Een soepele administratie die weinig tijd kost<\/h3>\n<p>Bij oamkb Boxmeer &#8211; Sambeek hebben we als doel om jouw administratie zo effici\u00ebnt mogelijk te laten verlopen, zodat we meer tijd kunnen besteden aan het analyseren van jouw onderneming. Hoewel de cijfers daarvoor slechts de basis vormen, begrijpen we dat een goed georganiseerde administratie van groot belang is. Daarom zullen we tijdens onze contactmomenten samen bekijken hoe we jouw administratieve processen kunnen stroomlijnen om zo tijd en kosten te besparen voor jou en voor ons.[\/vc_column_text][vc_empty_space][\/vc_column][\/vc_row]<\/p>\n<\/div>","protected":false},"excerpt":{"rendered":"<p>[vc_row content_width=&#8221;grid&#8221; css=&#8221;.vc_custom_1678187132587{background-image: url(https:\/\/oamkb.nl\/kantoor\/oamkb-boxmeer-sambeek\/wp-content\/uploads\/sites\/122\/2023\/03\/oamkb-boxmeer-sambeek-contact-header.webp?id=18224) !important;background-position: center !important;background-repeat: no-repeat !important;background-size: cover !important;}&#8221; el_class=&#8221;benefits-block&#8221;][vc_column][vc_column_text el_class=&#8221;page-benefits&#8221;] Contact 125+ Ervaren bedrijfsadviseurs Volledig geautomatiseerde administraties 24\/7 Direct inzicht in je bedrijf Slim. Altijd een vast laag maandbedrag [\/vc_column_text][\/vc_column][\/vc_row][vc_row content_width=&#8221;grid&#8221; el_class=&#8221;kortcontact-block&#8221; el_id=&#8221;aanvragen&#8221;][vc_column][vc_empty_space height=&#8221;80px&#8221; el_class=&#8221;mt-8&#8243;][vc_row_inner content_width=&#8221;grid&#8221;][vc_column_inner width=&#8221;1\/2&#8243;][vc_empty_space height=&#8221;2em&#8221; el_class=&#8221;non-spacer&#8221;][vc_widget_sidebar sidebar_id=&#8221;contact-blok-info&#8221;][\/vc_column_inner][vc_column_inner el_class=&#8221;kort-contactformulier&#8221; width=&#8221;1\/2&#8243;][vc_column_text]&#8230;<\/p>\n","protected":false},"author":5,"featured_media":0,"parent":0,"menu_order":0,"comment_status":"closed","ping_status":"closed","template":"full-width.php","meta":{"om_disable_all_campaigns":false,"_monsterinsights_skip_tracking":false,"_monsterinsights_sitenote_active":false,"_monsterinsights_sitenote_note":"","_monsterinsights_sitenote_category":0,"footnotes":""},"class_list":["post-4284","page","type-page","status-publish","hentry"],"aioseo_notices":[],"_links":{"self":[{"href":"https:\/\/oamkb.nl\/kantoor\/oamkb-boxmeer-sambeek\/wp-json\/wp\/v2\/pages\/4284","targetHints":{"allow":["GET"]}}],"collection":[{"href":"https:\/\/oamkb.nl\/kantoor\/oamkb-boxmeer-sambeek\/wp-json\/wp\/v2\/pages"}],"about":[{"href":"https:\/\/oamkb.nl\/kantoor\/oamkb-boxmeer-sambeek\/wp-json\/wp\/v2\/types\/page"}],"author":[{"embeddable":true,"href":"https:\/\/oamkb.nl\/kantoor\/oamkb-boxmeer-sambeek\/wp-json\/wp\/v2\/users\/5"}],"replies":[{"embeddable":true,"href":"https:\/\/oamkb.nl\/kantoor\/oamkb-boxmeer-sambeek\/wp-json\/wp\/v2\/comments?post=4284"}],"version-history":[{"count":14,"href":"https:\/\/oamkb.nl\/kantoor\/oamkb-boxmeer-sambeek\/wp-json\/wp\/v2\/pages\/4284\/revisions"}],"predecessor-version":[{"id":18389,"href":"https:\/\/oamkb.nl\/kantoor\/oamkb-boxmeer-sambeek\/wp-json\/wp\/v2\/pages\/4284\/revisions\/18389"}],"wp:attachment":[{"href":"https:\/\/oamkb.nl\/kantoor\/oamkb-boxmeer-sambeek\/wp-json\/wp\/v2\/media?parent=4284"}],"curies":[{"name":"wp","href":"https:\/\/api.w.org\/{rel}","templated":true}]}}